{"id":125,"date":"2024-09-26T19:43:47","date_gmt":"2024-09-26T17:43:47","guid":{"rendered":"https:\/\/comunica.edu.sv\/frecuencia-libre\/?page_id=125"},"modified":"2024-11-14T05:53:06","modified_gmt":"2024-11-14T04:53:06","slug":"zona-week","status":"publish","type":"page","link":"https:\/\/comunica.edu.sv\/frecuencia-libre\/zona-week\/","title":{"rendered":"Zona Geek"},"content":{"rendered":"\n<h2 class=\"wp-block-heading has-text-color has-link-color wp-elements-d48c1f19ebdecc0457c2a7cf7260f1fc\" style=\"color:#1bc900\">\u00bfQu\u00e9 es Zona Geek?<\/h2>\n\n\n\n<p>Zona Geek es una secci\u00f3n especializada en todo el mundo geek; Anime, mangas, c\u00f3mics, videojuegos entre otros t\u00f3picos de la cultura pop.<\/p>\n\n\n\n<h2 class=\"wp-block-heading has-text-color has-link-color wp-elements-8cd1ab7b331da7b5b2241168bf95a565\" style=\"color:#1bc900\">\u00bfQui\u00e9nes son sus locutores?<\/h2>\n\n\n\n<figure class=\"wp-block-gallery has-nested-images columns-default is-cropped wp-block-gallery-1 is-layout-flex wp-block-gallery-is-layout-flex\">\n<figure class=\"wp-block-image size-large\"><img loading=\"lazy\" decoding=\"async\" width=\"768\" height=\"1024\" data-id=\"345\" src=\"https:\/\/comunica.edu.sv\/frecuencia-libre\/wp-content\/uploads\/2024\/10\/Imagen-de-WhatsApp-2024-09-06-a-las-12.23.43_520c3deb-768x1024.jpg\" alt=\"\" class=\"wp-image-345\" srcset=\"https:\/\/comunica.edu.sv\/frecuencia-libre\/wp-content\/uploads\/2024\/10\/Imagen-de-WhatsApp-2024-09-06-a-las-12.23.43_520c3deb-768x1024.jpg 768w, https:\/\/comunica.edu.sv\/frecuencia-libre\/wp-content\/uploads\/2024\/10\/Imagen-de-WhatsApp-2024-09-06-a-las-12.23.43_520c3deb-225x300.jpg 225w, https:\/\/comunica.edu.sv\/frecuencia-libre\/wp-content\/uploads\/2024\/10\/Imagen-de-WhatsApp-2024-09-06-a-las-12.23.43_520c3deb-1152x1536.jpg 1152w, https:\/\/comunica.edu.sv\/frecuencia-libre\/wp-content\/uploads\/2024\/10\/Imagen-de-WhatsApp-2024-09-06-a-las-12.23.43_520c3deb.jpg 1200w\" sizes=\"(max-width: 768px) 100vw, 768px\" \/><figcaption class=\"wp-element-caption\">Alejandra Fern\u00e1ndez<\/figcaption><\/figure>\n\n\n\n<figure class=\"wp-block-image size-large\"><img loading=\"lazy\" decoding=\"async\" width=\"768\" height=\"1024\" data-id=\"343\" src=\"https:\/\/comunica.edu.sv\/frecuencia-libre\/wp-content\/uploads\/2024\/10\/Imagen-13-1-768x1024.jpg\" alt=\"\" class=\"wp-image-343\" srcset=\"https:\/\/comunica.edu.sv\/frecuencia-libre\/wp-content\/uploads\/2024\/10\/Imagen-13-1-768x1024.jpg 768w, https:\/\/comunica.edu.sv\/frecuencia-libre\/wp-content\/uploads\/2024\/10\/Imagen-13-1-225x300.jpg 225w, https:\/\/comunica.edu.sv\/frecuencia-libre\/wp-content\/uploads\/2024\/10\/Imagen-13-1-1152x1536.jpg 1152w, https:\/\/comunica.edu.sv\/frecuencia-libre\/wp-content\/uploads\/2024\/10\/Imagen-13-1.jpg 1200w\" sizes=\"(max-width: 768px) 100vw, 768px\" \/><figcaption class=\"wp-element-caption\">Jacobo Mart\u00ednez<\/figcaption><\/figure>\n\n\n\n<figure class=\"wp-block-image size-large\"><img loading=\"lazy\" decoding=\"async\" width=\"768\" height=\"1024\" data-id=\"344\" src=\"https:\/\/comunica.edu.sv\/frecuencia-libre\/wp-content\/uploads\/2024\/10\/Imagen-15-2-768x1024.jpg\" alt=\"\" class=\"wp-image-344\" srcset=\"https:\/\/comunica.edu.sv\/frecuencia-libre\/wp-content\/uploads\/2024\/10\/Imagen-15-2-768x1024.jpg 768w, https:\/\/comunica.edu.sv\/frecuencia-libre\/wp-content\/uploads\/2024\/10\/Imagen-15-2-225x300.jpg 225w, https:\/\/comunica.edu.sv\/frecuencia-libre\/wp-content\/uploads\/2024\/10\/Imagen-15-2-1152x1536.jpg 1152w, https:\/\/comunica.edu.sv\/frecuencia-libre\/wp-content\/uploads\/2024\/10\/Imagen-15-2.jpg 1200w\" sizes=\"(max-width: 768px) 100vw, 768px\" \/><figcaption class=\"wp-element-caption\">Daniela Gonz\u00e1lez<\/figcaption><\/figure>\n<\/figure>\n\n\n\n<p class=\"has-text-align-left\">\u00abZona Geek esta conducida por un equipo din\u00e1mico de locutores que se destacan por su estilo fresco y su energ\u00eda contagiosa. Con gran conocimiento de los temas que apasionan a nuestra audiencia, como anime, mangas, c\u00f3mics hasta tendencias y eventos actuales, nuestros locutores no solo informan, sino que tambi\u00e9n entretienen y conectan con cada oyente.\u00bb<\/p>\n\n\n\n<div class=\"wp-block-buttons is-content-justification-center is-layout-flex wp-container-core-buttons-is-layout-1 wp-block-buttons-is-layout-flex\">\n<div class=\"wp-block-button\"><a class=\"wp-block-button__link has-black-color has-text-color has-background has-link-color wp-element-button\" href=\"https:\/\/comunica.edu.sv\/frecuencia-libre\/category\/zona-geek\/\" style=\"background-color:#1bc900\">Escucha todos nuestro programa aqu\u00ed<\/a><\/div>\n<\/div>\n","protected":false},"excerpt":{"rendered":"<p>\u00bfQu\u00e9 es Zona Geek? Zona Geek es una secci\u00f3n especializada en todo el mundo geek; Anime, mangas, c\u00f3mics, videojuegos entre otros t\u00f3picos de la cultura pop. \u00bfQui\u00e9nes son sus locutores?<\/p>\n","protected":false},"author":2,"featured_media":0,"parent":0,"menu_order":0,"comment_status":"closed","ping_status":"closed","template":"","meta":{"footnotes":""},"_links":{"self":[{"href":"https:\/\/comunica.edu.sv\/frecuencia-libre\/wp-json\/wp\/v2\/pages\/125"}],"collection":[{"href":"https:\/\/comunica.edu.sv\/frecuencia-libre\/wp-json\/wp\/v2\/pages"}],"about":[{"href":"https:\/\/comunica.edu.sv\/frecuencia-libre\/wp-json\/wp\/v2\/types\/page"}],"author":[{"embeddable":true,"href":"https:\/\/comunica.edu.sv\/frecuencia-libre\/wp-json\/wp\/v2\/users\/2"}],"replies":[{"embeddable":true,"href":"https:\/\/comunica.edu.sv\/frecuencia-libre\/wp-json\/wp\/v2\/comments?post=125"}],"version-history":[{"count":11,"href":"https:\/\/comunica.edu.sv\/frecuencia-libre\/wp-json\/wp\/v2\/pages\/125\/revisions"}],"predecessor-version":[{"id":833,"href":"https:\/\/comunica.edu.sv\/frecuencia-libre\/wp-json\/wp\/v2\/pages\/125\/revisions\/833"}],"wp:attachment":[{"href":"https:\/\/comunica.edu.sv\/frecuencia-libre\/wp-json\/wp\/v2\/media?parent=125"}],"curies":[{"name":"wp","href":"https:\/\/api.w.org\/{rel}","templated":true}]}}