{"id":132,"date":"2024-09-26T19:58:11","date_gmt":"2024-09-26T17:58:11","guid":{"rendered":"https:\/\/comunica.edu.sv\/frecuencia-libre\/?page_id=132"},"modified":"2024-11-14T05:53:07","modified_gmt":"2024-11-14T04:53:07","slug":"pan-y-circo","status":"publish","type":"page","link":"https:\/\/comunica.edu.sv\/frecuencia-libre\/pan-y-circo\/","title":{"rendered":"Pan y Circo"},"content":{"rendered":"\n<h2 class=\"wp-block-heading has-text-color has-link-color wp-elements-8746ccad5245c99d5b2c942138c191f0\" style=\"color:#1bc900\">\u00bfQue es Pan y Circo?<\/h2>\n\n\n\n<p>Es la secci\u00f3n dedicada a pol\u00edtica. En ella se tocan temas de coyuntura nacional, conflictos armados, econom\u00eda, escenario geopol\u00edtico e historia.<\/p>\n\n\n\n<h2 class=\"wp-block-heading has-text-color has-link-color wp-elements-8cd1ab7b331da7b5b2241168bf95a565\" style=\"color:#1bc900\">\u00bfQui\u00e9nes son sus locutores?<\/h2>\n\n\n\n<figure class=\"wp-block-gallery has-nested-images columns-default is-cropped wp-block-gallery-1 is-layout-flex wp-block-gallery-is-layout-flex\">\n<figure class=\"wp-block-image size-large\"><img loading=\"lazy\" decoding=\"async\" width=\"768\" height=\"1024\" data-id=\"344\" src=\"https:\/\/comunica.edu.sv\/frecuencia-libre\/wp-content\/uploads\/2024\/10\/Imagen-15-2-768x1024.jpg\" alt=\"\" class=\"wp-image-344\" srcset=\"https:\/\/comunica.edu.sv\/frecuencia-libre\/wp-content\/uploads\/2024\/10\/Imagen-15-2-768x1024.jpg 768w, https:\/\/comunica.edu.sv\/frecuencia-libre\/wp-content\/uploads\/2024\/10\/Imagen-15-2-225x300.jpg 225w, https:\/\/comunica.edu.sv\/frecuencia-libre\/wp-content\/uploads\/2024\/10\/Imagen-15-2-1152x1536.jpg 1152w, https:\/\/comunica.edu.sv\/frecuencia-libre\/wp-content\/uploads\/2024\/10\/Imagen-15-2.jpg 1200w\" sizes=\"(max-width: 768px) 100vw, 768px\" \/><figcaption class=\"wp-element-caption\">Odalis Garc\u00eda<\/figcaption><\/figure>\n\n\n\n<figure class=\"wp-block-image size-large\"><img loading=\"lazy\" decoding=\"async\" width=\"768\" height=\"1024\" data-id=\"343\" src=\"https:\/\/comunica.edu.sv\/frecuencia-libre\/wp-content\/uploads\/2024\/10\/Imagen-13-1-768x1024.jpg\" alt=\"\" class=\"wp-image-343\" srcset=\"https:\/\/comunica.edu.sv\/frecuencia-libre\/wp-content\/uploads\/2024\/10\/Imagen-13-1-768x1024.jpg 768w, https:\/\/comunica.edu.sv\/frecuencia-libre\/wp-content\/uploads\/2024\/10\/Imagen-13-1-225x300.jpg 225w, https:\/\/comunica.edu.sv\/frecuencia-libre\/wp-content\/uploads\/2024\/10\/Imagen-13-1-1152x1536.jpg 1152w, https:\/\/comunica.edu.sv\/frecuencia-libre\/wp-content\/uploads\/2024\/10\/Imagen-13-1.jpg 1200w\" sizes=\"(max-width: 768px) 100vw, 768px\" \/><figcaption class=\"wp-element-caption\">Mariano Mendoza,<\/figcaption><\/figure>\n\n\n\n<figure class=\"wp-block-image size-large\"><img loading=\"lazy\" decoding=\"async\" width=\"768\" height=\"1024\" data-id=\"345\" src=\"https:\/\/comunica.edu.sv\/frecuencia-libre\/wp-content\/uploads\/2024\/10\/Imagen-de-WhatsApp-2024-09-06-a-las-12.23.43_520c3deb-768x1024.jpg\" alt=\"\" class=\"wp-image-345\" srcset=\"https:\/\/comunica.edu.sv\/frecuencia-libre\/wp-content\/uploads\/2024\/10\/Imagen-de-WhatsApp-2024-09-06-a-las-12.23.43_520c3deb-768x1024.jpg 768w, https:\/\/comunica.edu.sv\/frecuencia-libre\/wp-content\/uploads\/2024\/10\/Imagen-de-WhatsApp-2024-09-06-a-las-12.23.43_520c3deb-225x300.jpg 225w, https:\/\/comunica.edu.sv\/frecuencia-libre\/wp-content\/uploads\/2024\/10\/Imagen-de-WhatsApp-2024-09-06-a-las-12.23.43_520c3deb-1152x1536.jpg 1152w, https:\/\/comunica.edu.sv\/frecuencia-libre\/wp-content\/uploads\/2024\/10\/Imagen-de-WhatsApp-2024-09-06-a-las-12.23.43_520c3deb.jpg 1200w\" sizes=\"(max-width: 768px) 100vw, 768px\" \/><figcaption class=\"wp-element-caption\">Diana Loucel<\/figcaption><\/figure>\n<\/figure>\n\n\n\n<p>\u00bb <em>Pan y Circo<\/em> cuenta con un equipo de locutores cr\u00edticos y astutos, dedicados a analizar y comentar los temas de actualidad con un toque de iron\u00eda y humor inteligente. Desde pol\u00edtica y sociedad hasta cultura, nuestros locutores abordan cada tema sin filtros, ofreciendo una perspectiva fresca y divertida que invita a la reflexi\u00f3n\u00bb.<\/p>\n\n\n\n<div class=\"wp-block-buttons is-content-justification-center is-layout-flex wp-container-core-buttons-is-layout-1 wp-block-buttons-is-layout-flex\">\n<div class=\"wp-block-button\"><a class=\"wp-block-button__link has-black-color has-text-color has-background has-link-color wp-element-button\" href=\"https:\/\/comunica.edu.sv\/frecuencia-libre\/category\/pan-y-circo\/\" style=\"background-color:#1bc900\">Escucha todos Nuestros programas aqu\u00ed<\/a><\/div>\n<\/div>\n","protected":false},"excerpt":{"rendered":"<p>\u00bfQue es Pan y Circo? Es la secci\u00f3n dedicada a pol\u00edtica. En ella se tocan temas de coyuntura nacional, conflictos armados, econom\u00eda, escenario geopol\u00edtico e historia. \u00bfQui\u00e9nes son sus locutores?<\/p>\n","protected":false},"author":2,"featured_media":0,"parent":0,"menu_order":0,"comment_status":"closed","ping_status":"closed","template":"","meta":{"footnotes":""},"_links":{"self":[{"href":"https:\/\/comunica.edu.sv\/frecuencia-libre\/wp-json\/wp\/v2\/pages\/132"}],"collection":[{"href":"https:\/\/comunica.edu.sv\/frecuencia-libre\/wp-json\/wp\/v2\/pages"}],"about":[{"href":"https:\/\/comunica.edu.sv\/frecuencia-libre\/wp-json\/wp\/v2\/types\/page"}],"author":[{"embeddable":true,"href":"https:\/\/comunica.edu.sv\/frecuencia-libre\/wp-json\/wp\/v2\/users\/2"}],"replies":[{"embeddable":true,"href":"https:\/\/comunica.edu.sv\/frecuencia-libre\/wp-json\/wp\/v2\/comments?post=132"}],"version-history":[{"count":5,"href":"https:\/\/comunica.edu.sv\/frecuencia-libre\/wp-json\/wp\/v2\/pages\/132\/revisions"}],"predecessor-version":[{"id":837,"href":"https:\/\/comunica.edu.sv\/frecuencia-libre\/wp-json\/wp\/v2\/pages\/132\/revisions\/837"}],"wp:attachment":[{"href":"https:\/\/comunica.edu.sv\/frecuencia-libre\/wp-json\/wp\/v2\/media?parent=132"}],"curies":[{"name":"wp","href":"https:\/\/api.w.org\/{rel}","templated":true}]}}