{"id":140,"date":"2024-09-28T09:18:20","date_gmt":"2024-09-28T07:18:20","guid":{"rendered":"https:\/\/comunica.edu.sv\/frecuencia-libre\/?page_id=140"},"modified":"2025-06-10T20:03:03","modified_gmt":"2025-06-10T18:03:03","slug":"randomania","status":"publish","type":"page","link":"https:\/\/comunica.edu.sv\/frecuencia-libre\/randomania\/","title":{"rendered":"Randomania"},"content":{"rendered":"\n<h2 class=\"wp-block-heading has-text-color has-link-color wp-elements-1ba4bea3f298b23f6d27d9f37d39d932\" style=\"color:#1bc900\">\u00bfQu\u00e9 es<strong> Randomania<\/strong>?<\/h2>\n\n\n\n<p>Se abordan temas \u201crandom\u201d, curiosidades e ideas alucinantes. En esta secci\u00f3n los locutores pueden explorar un sinf\u00edn de t\u00f3picos, desde \u00bfQu\u00e9 pasar\u00eda si los dinosaurios no se hubieran extinguido? Hasta realizar narraciones de cuentos.<\/p>\n\n\n\n<h2 class=\"wp-block-heading has-text-color has-link-color wp-elements-8cd1ab7b331da7b5b2241168bf95a565\" style=\"color:#1bc900\">\u00bfQui\u00e9nes son sus locutores?<\/h2>\n\n\n\n<figure class=\"wp-block-gallery has-nested-images columns-default is-cropped wp-block-gallery-1 is-layout-flex wp-block-gallery-is-layout-flex\">\n<figure class=\"wp-block-image size-large\"><img loading=\"lazy\" decoding=\"async\" width=\"683\" height=\"1024\" data-id=\"1372\" src=\"https:\/\/comunica.edu.sv\/frecuencia-libre\/wp-content\/uploads\/2025\/05\/Disen\u0303o-sin-ti\u0301tulo-1-683x1024.jpg\" alt=\"\" class=\"wp-image-1372\" srcset=\"https:\/\/comunica.edu.sv\/frecuencia-libre\/wp-content\/uploads\/2025\/05\/Disen\u0303o-sin-ti\u0301tulo-1-683x1024.jpg 683w, https:\/\/comunica.edu.sv\/frecuencia-libre\/wp-content\/uploads\/2025\/05\/Disen\u0303o-sin-ti\u0301tulo-1-200x300.jpg 200w, https:\/\/comunica.edu.sv\/frecuencia-libre\/wp-content\/uploads\/2025\/05\/Disen\u0303o-sin-ti\u0301tulo-1-768x1152.jpg 768w, https:\/\/comunica.edu.sv\/frecuencia-libre\/wp-content\/uploads\/2025\/05\/Disen\u0303o-sin-ti\u0301tulo-1-1024x1536.jpg 1024w, https:\/\/comunica.edu.sv\/frecuencia-libre\/wp-content\/uploads\/2025\/05\/Disen\u0303o-sin-ti\u0301tulo-1.jpg 1200w\" sizes=\"(max-width: 683px) 100vw, 683px\" \/><figcaption class=\"wp-element-caption\"><strong>Camila Dur\u00e1n<\/strong><\/figcaption><\/figure>\n\n\n\n<figure class=\"wp-block-image size-large\"><img loading=\"lazy\" decoding=\"async\" width=\"683\" height=\"1024\" data-id=\"1310\" src=\"https:\/\/comunica.edu.sv\/frecuencia-libre\/wp-content\/uploads\/2025\/05\/Diseno-sin-titulo-37-683x1024.jpg\" alt=\"\" class=\"wp-image-1310\" srcset=\"https:\/\/comunica.edu.sv\/frecuencia-libre\/wp-content\/uploads\/2025\/05\/Diseno-sin-titulo-37-683x1024.jpg 683w, https:\/\/comunica.edu.sv\/frecuencia-libre\/wp-content\/uploads\/2025\/05\/Diseno-sin-titulo-37-200x300.jpg 200w, https:\/\/comunica.edu.sv\/frecuencia-libre\/wp-content\/uploads\/2025\/05\/Diseno-sin-titulo-37-768x1152.jpg 768w, https:\/\/comunica.edu.sv\/frecuencia-libre\/wp-content\/uploads\/2025\/05\/Diseno-sin-titulo-37-1024x1536.jpg 1024w, https:\/\/comunica.edu.sv\/frecuencia-libre\/wp-content\/uploads\/2025\/05\/Diseno-sin-titulo-37.jpg 1200w\" sizes=\"(max-width: 683px) 100vw, 683px\" \/><figcaption class=\"wp-element-caption\"><strong>Pablo Alem\u00e1n<\/strong><\/figcaption><\/figure>\n<\/figure>\n\n\n\n<p>\u00ab<em>Randoman\u00eda<\/em> est\u00e1 conducido por un equipo de locutores espont\u00e1neos y vers\u00e1tiles, que se destacan por su estilo despreocupado y su habilidad para abordar temas variados de manera fresca y entretenida. Desde curiosidades y datos ins\u00f3litos hasta temas cotidianos con un toque de humor, nuestros locutores convierten cada programa en una experiencia impredecible y llena de diversi\u00f3n\u00bb.<\/p>\n\n\n\n<div class=\"wp-block-buttons is-content-justification-center is-layout-flex wp-container-core-buttons-is-layout-1 wp-block-buttons-is-layout-flex\">\n<div class=\"wp-block-button\"><a class=\"wp-block-button__link has-black-color has-text-color has-background has-link-color wp-element-button\" href=\"https:\/\/comunica.edu.sv\/frecuencia-libre\/category\/randomania\/\" style=\"background-color:#1bc900\">Escucha todos Nuestros programas aqu\u00ed<\/a><\/div>\n<\/div>\n","protected":false},"excerpt":{"rendered":"<p>\u00bfQu\u00e9 es Randomania? Se abordan temas \u201crandom\u201d, curiosidades e ideas alucinantes. En esta secci\u00f3n los locutores pueden explorar un sinf\u00edn de t\u00f3picos, desde \u00bfQu\u00e9 pasar\u00eda si los dinosaurios no se<\/p>\n","protected":false},"author":2,"featured_media":0,"parent":0,"menu_order":0,"comment_status":"closed","ping_status":"closed","template":"","meta":{"footnotes":""},"_links":{"self":[{"href":"https:\/\/comunica.edu.sv\/frecuencia-libre\/wp-json\/wp\/v2\/pages\/140"}],"collection":[{"href":"https:\/\/comunica.edu.sv\/frecuencia-libre\/wp-json\/wp\/v2\/pages"}],"about":[{"href":"https:\/\/comunica.edu.sv\/frecuencia-libre\/wp-json\/wp\/v2\/types\/page"}],"author":[{"embeddable":true,"href":"https:\/\/comunica.edu.sv\/frecuencia-libre\/wp-json\/wp\/v2\/users\/2"}],"replies":[{"embeddable":true,"href":"https:\/\/comunica.edu.sv\/frecuencia-libre\/wp-json\/wp\/v2\/comments?post=140"}],"version-history":[{"count":8,"href":"https:\/\/comunica.edu.sv\/frecuencia-libre\/wp-json\/wp\/v2\/pages\/140\/revisions"}],"predecessor-version":[{"id":1434,"href":"https:\/\/comunica.edu.sv\/frecuencia-libre\/wp-json\/wp\/v2\/pages\/140\/revisions\/1434"}],"wp:attachment":[{"href":"https:\/\/comunica.edu.sv\/frecuencia-libre\/wp-json\/wp\/v2\/media?parent=140"}],"curies":[{"name":"wp","href":"https:\/\/api.w.org\/{rel}","templated":true}]}}