{"id":144,"date":"2024-09-28T09:18:53","date_gmt":"2024-09-28T07:18:53","guid":{"rendered":"https:\/\/comunica.edu.sv\/frecuencia-libre\/?page_id=144"},"modified":"2025-06-14T07:23:40","modified_gmt":"2025-06-14T05:23:40","slug":"amplificad2","status":"publish","type":"page","link":"https:\/\/comunica.edu.sv\/frecuencia-libre\/amplificad2\/","title":{"rendered":"Amplificad2"},"content":{"rendered":"\n<h2 class=\"wp-block-heading has-text-color has-link-color wp-elements-b6798f59f3c010ec041514e93d34ff7e\" style=\"color:#1bc900\">\u00bfQu\u00e9 es <strong>Amplifica2<\/strong>?<\/h2>\n\n\n\n<p>Amplifica2 es una secci\u00f3n dedicada a la M\u00fasica. Se habla de la vida y obra de artistas, la historia de bandas, se explican los or\u00edgenes de g\u00e9neros musicales, se realizan ranking de canciones entre dem\u00e1s curiosidades de todo el mundo musical.<\/p>\n\n\n\n<h2 class=\"wp-block-heading has-text-color has-link-color wp-elements-bea0676c4f439d82bcacdb5ff962867c\" style=\"color:#1bc900\">\u00bfQui\u00e9nes son sus locutores?<\/h2>\n\n\n\n<figure class=\"wp-block-gallery has-nested-images columns-default is-cropped wp-block-gallery-1 is-layout-flex wp-block-gallery-is-layout-flex\">\n<figure class=\"wp-block-image size-large\"><img loading=\"lazy\" decoding=\"async\" width=\"683\" height=\"1024\" data-id=\"1455\" src=\"https:\/\/comunica.edu.sv\/frecuencia-libre\/wp-content\/uploads\/2025\/06\/Diseno-sin-titulo-21-683x1024.png\" alt=\"\" class=\"wp-image-1455\" srcset=\"https:\/\/comunica.edu.sv\/frecuencia-libre\/wp-content\/uploads\/2025\/06\/Diseno-sin-titulo-21-683x1024.png 683w, https:\/\/comunica.edu.sv\/frecuencia-libre\/wp-content\/uploads\/2025\/06\/Diseno-sin-titulo-21-200x300.png 200w, https:\/\/comunica.edu.sv\/frecuencia-libre\/wp-content\/uploads\/2025\/06\/Diseno-sin-titulo-21-768x1152.png 768w, https:\/\/comunica.edu.sv\/frecuencia-libre\/wp-content\/uploads\/2025\/06\/Diseno-sin-titulo-21-1024x1536.png 1024w, https:\/\/comunica.edu.sv\/frecuencia-libre\/wp-content\/uploads\/2025\/06\/Diseno-sin-titulo-21.png 1200w\" sizes=\"(max-width: 683px) 100vw, 683px\" \/><figcaption class=\"wp-element-caption\"><strong>Am\u00e9rica Cruz<\/strong><\/figcaption><\/figure>\n\n\n\n<figure class=\"wp-block-image size-large\"><img loading=\"lazy\" decoding=\"async\" width=\"683\" height=\"1024\" data-id=\"1375\" src=\"https:\/\/comunica.edu.sv\/frecuencia-libre\/wp-content\/uploads\/2025\/05\/Disen\u0303o-sin-ti\u0301tulo-2-683x1024.jpg\" alt=\"\" class=\"wp-image-1375\" srcset=\"https:\/\/comunica.edu.sv\/frecuencia-libre\/wp-content\/uploads\/2025\/05\/Disen\u0303o-sin-ti\u0301tulo-2-683x1024.jpg 683w, https:\/\/comunica.edu.sv\/frecuencia-libre\/wp-content\/uploads\/2025\/05\/Disen\u0303o-sin-ti\u0301tulo-2-200x300.jpg 200w, https:\/\/comunica.edu.sv\/frecuencia-libre\/wp-content\/uploads\/2025\/05\/Disen\u0303o-sin-ti\u0301tulo-2-768x1152.jpg 768w, https:\/\/comunica.edu.sv\/frecuencia-libre\/wp-content\/uploads\/2025\/05\/Disen\u0303o-sin-ti\u0301tulo-2-1024x1536.jpg 1024w, https:\/\/comunica.edu.sv\/frecuencia-libre\/wp-content\/uploads\/2025\/05\/Disen\u0303o-sin-ti\u0301tulo-2.jpg 1200w\" sizes=\"(max-width: 683px) 100vw, 683px\" \/><figcaption class=\"wp-element-caption\"><strong>Ricardo Barahona<\/strong><\/figcaption><\/figure>\n\n\n\n<figure class=\"wp-block-image size-large is-style-default\"><img loading=\"lazy\" decoding=\"async\" width=\"683\" height=\"1024\" data-id=\"1456\" src=\"https:\/\/comunica.edu.sv\/frecuencia-libre\/wp-content\/uploads\/2025\/06\/Diseno-sin-titulo-22-683x1024.png\" alt=\"\" class=\"wp-image-1456\" srcset=\"https:\/\/comunica.edu.sv\/frecuencia-libre\/wp-content\/uploads\/2025\/06\/Diseno-sin-titulo-22-683x1024.png 683w, https:\/\/comunica.edu.sv\/frecuencia-libre\/wp-content\/uploads\/2025\/06\/Diseno-sin-titulo-22-200x300.png 200w, https:\/\/comunica.edu.sv\/frecuencia-libre\/wp-content\/uploads\/2025\/06\/Diseno-sin-titulo-22-768x1152.png 768w, https:\/\/comunica.edu.sv\/frecuencia-libre\/wp-content\/uploads\/2025\/06\/Diseno-sin-titulo-22-1024x1536.png 1024w, https:\/\/comunica.edu.sv\/frecuencia-libre\/wp-content\/uploads\/2025\/06\/Diseno-sin-titulo-22.png 1200w\" sizes=\"(max-width: 683px) 100vw, 683px\" \/><figcaption class=\"wp-element-caption\"><strong>Melissa Valle<\/strong><\/figcaption><\/figure>\n<\/figure>\n\n\n\n<p>\u00abCada locutor es apasionados por la m\u00fasica y la cultura juvenil, comprometidos con ofrecer el contenido m\u00e1s relevante y entretenido para nuestra audiencia. Cada uno de nuestros locutores aporta una perspectiva \u00fanica, combinando entusiasmo y conocimiento en cada programa para amplificar las voces y gustos de nuestra comunidad. Juntos, crean un espacio donde la m\u00fasica,  la conversaci\u00f3n fluida encuentran su mejor sinton\u00eda.\u00bb<\/p>\n\n\n\n<div class=\"wp-block-buttons is-content-justification-center is-layout-flex wp-container-core-buttons-is-layout-1 wp-block-buttons-is-layout-flex\">\n<div class=\"wp-block-button\"><a class=\"wp-block-button__link has-black-color has-text-color has-background has-link-color wp-element-button\" href=\"https:\/\/comunica.edu.sv\/frecuencia-libre\/category\/amplificad2\/\" style=\"background-color:#1bc900\">Escucha todos Nuestros programas aqu\u00ed<\/a><\/div>\n<\/div>\n","protected":false},"excerpt":{"rendered":"<p>\u00bfQu\u00e9 es Amplifica2? Amplifica2 es una secci\u00f3n dedicada a la M\u00fasica. Se habla de la vida y obra de artistas, la historia de bandas, se explican los or\u00edgenes de g\u00e9neros<\/p>\n","protected":false},"author":2,"featured_media":0,"parent":0,"menu_order":-1,"comment_status":"closed","ping_status":"closed","template":"","meta":{"footnotes":""},"_links":{"self":[{"href":"https:\/\/comunica.edu.sv\/frecuencia-libre\/wp-json\/wp\/v2\/pages\/144"}],"collection":[{"href":"https:\/\/comunica.edu.sv\/frecuencia-libre\/wp-json\/wp\/v2\/pages"}],"about":[{"href":"https:\/\/comunica.edu.sv\/frecuencia-libre\/wp-json\/wp\/v2\/types\/page"}],"author":[{"embeddable":true,"href":"https:\/\/comunica.edu.sv\/frecuencia-libre\/wp-json\/wp\/v2\/users\/2"}],"replies":[{"embeddable":true,"href":"https:\/\/comunica.edu.sv\/frecuencia-libre\/wp-json\/wp\/v2\/comments?post=144"}],"version-history":[{"count":43,"href":"https:\/\/comunica.edu.sv\/frecuencia-libre\/wp-json\/wp\/v2\/pages\/144\/revisions"}],"predecessor-version":[{"id":1458,"href":"https:\/\/comunica.edu.sv\/frecuencia-libre\/wp-json\/wp\/v2\/pages\/144\/revisions\/1458"}],"wp:attachment":[{"href":"https:\/\/comunica.edu.sv\/frecuencia-libre\/wp-json\/wp\/v2\/media?parent=144"}],"curies":[{"name":"wp","href":"https:\/\/api.w.org\/{rel}","templated":true}]}}