{"id":148,"date":"2024-09-28T09:19:35","date_gmt":"2024-09-28T07:19:35","guid":{"rendered":"https:\/\/comunica.edu.sv\/frecuencia-libre\/?page_id=148"},"modified":"2025-06-14T07:26:47","modified_gmt":"2025-06-14T05:26:47","slug":"enigma","status":"publish","type":"page","link":"https:\/\/comunica.edu.sv\/frecuencia-libre\/enigma\/","title":{"rendered":"Enigma"},"content":{"rendered":"\n<h2 class=\"wp-block-heading has-text-color has-link-color wp-elements-31d4a121d8df7181cb84a112858d6730\" style=\"color:#1bc900\">\u00bfQu\u00e9 es<strong> Enigma<\/strong>?<\/h2>\n\n\n\n<p>En esta secci\u00f3n se abordan tem\u00e1ticas de terror y teor\u00edas de conspiraci\u00f3n, as\u00ed como cr\u00f3nicas de asesinos seriales, leyendas urbanas y misterios sin resolver.<\/p>\n\n\n\n<h2 class=\"wp-block-heading has-text-color has-link-color wp-elements-bea0676c4f439d82bcacdb5ff962867c\" style=\"color:#1bc900\">\u00bfQui\u00e9nes son sus locutores?<\/h2>\n\n\n\n<figure class=\"wp-block-gallery has-nested-images columns-default is-cropped wp-block-gallery-1 is-layout-flex wp-block-gallery-is-layout-flex\">\n<figure class=\"wp-block-image size-large\"><img loading=\"lazy\" decoding=\"async\" width=\"683\" height=\"1024\" data-id=\"1461\" src=\"https:\/\/comunica.edu.sv\/frecuencia-libre\/wp-content\/uploads\/2025\/06\/Diseno-sin-titulo-24-683x1024.png\" alt=\"\" class=\"wp-image-1461\" srcset=\"https:\/\/comunica.edu.sv\/frecuencia-libre\/wp-content\/uploads\/2025\/06\/Diseno-sin-titulo-24-683x1024.png 683w, https:\/\/comunica.edu.sv\/frecuencia-libre\/wp-content\/uploads\/2025\/06\/Diseno-sin-titulo-24-200x300.png 200w, https:\/\/comunica.edu.sv\/frecuencia-libre\/wp-content\/uploads\/2025\/06\/Diseno-sin-titulo-24-768x1152.png 768w, https:\/\/comunica.edu.sv\/frecuencia-libre\/wp-content\/uploads\/2025\/06\/Diseno-sin-titulo-24-1024x1536.png 1024w, https:\/\/comunica.edu.sv\/frecuencia-libre\/wp-content\/uploads\/2025\/06\/Diseno-sin-titulo-24.png 1200w\" sizes=\"(max-width: 683px) 100vw, 683px\" \/><figcaption class=\"wp-element-caption\"><strong>Alejandro Cubias<\/strong><\/figcaption><\/figure>\n\n\n\n<figure class=\"wp-block-image size-large\"><img loading=\"lazy\" decoding=\"async\" width=\"768\" height=\"1024\" data-id=\"345\" src=\"https:\/\/comunica.edu.sv\/frecuencia-libre\/wp-content\/uploads\/2024\/10\/Imagen-de-WhatsApp-2024-09-06-a-las-12.23.43_520c3deb-768x1024.jpg\" alt=\"\" class=\"wp-image-345\" srcset=\"https:\/\/comunica.edu.sv\/frecuencia-libre\/wp-content\/uploads\/2024\/10\/Imagen-de-WhatsApp-2024-09-06-a-las-12.23.43_520c3deb-768x1024.jpg 768w, https:\/\/comunica.edu.sv\/frecuencia-libre\/wp-content\/uploads\/2024\/10\/Imagen-de-WhatsApp-2024-09-06-a-las-12.23.43_520c3deb-225x300.jpg 225w, https:\/\/comunica.edu.sv\/frecuencia-libre\/wp-content\/uploads\/2024\/10\/Imagen-de-WhatsApp-2024-09-06-a-las-12.23.43_520c3deb-1152x1536.jpg 1152w, https:\/\/comunica.edu.sv\/frecuencia-libre\/wp-content\/uploads\/2024\/10\/Imagen-de-WhatsApp-2024-09-06-a-las-12.23.43_520c3deb.jpg 1200w\" sizes=\"(max-width: 768px) 100vw, 768px\" \/><figcaption class=\"wp-element-caption\"><strong>Jordy Hern\u00e1ndez<\/strong><\/figcaption><\/figure>\n\n\n\n<figure class=\"wp-block-image size-large\"><img loading=\"lazy\" decoding=\"async\" width=\"683\" height=\"1024\" data-id=\"1463\" src=\"https:\/\/comunica.edu.sv\/frecuencia-libre\/wp-content\/uploads\/2025\/06\/Diseno-sin-titulo-25-683x1024.png\" alt=\"\" class=\"wp-image-1463\" srcset=\"https:\/\/comunica.edu.sv\/frecuencia-libre\/wp-content\/uploads\/2025\/06\/Diseno-sin-titulo-25-683x1024.png 683w, https:\/\/comunica.edu.sv\/frecuencia-libre\/wp-content\/uploads\/2025\/06\/Diseno-sin-titulo-25-200x300.png 200w, https:\/\/comunica.edu.sv\/frecuencia-libre\/wp-content\/uploads\/2025\/06\/Diseno-sin-titulo-25-768x1152.png 768w, https:\/\/comunica.edu.sv\/frecuencia-libre\/wp-content\/uploads\/2025\/06\/Diseno-sin-titulo-25-1024x1536.png 1024w, https:\/\/comunica.edu.sv\/frecuencia-libre\/wp-content\/uploads\/2025\/06\/Diseno-sin-titulo-25.png 1200w\" sizes=\"(max-width: 683px) 100vw, 683px\" \/><figcaption class=\"wp-element-caption\"><strong>Diego Rivera<\/strong><\/figcaption><\/figure>\n<\/figure>\n\n\n\n<p>\u00ab<em>Enigma<\/em> est\u00e1 conducido por un equipo de locutores intrigantes y curiosos, dedicados a explorar los misterios y sucesos inexplicables que cautivan nuestra imaginaci\u00f3n. Con una habilidad especial para sumergirse en temas de suspenso, fen\u00f3menos paranormales y teor\u00edas enigm\u00e1ticas, nuestros locutores crean una atm\u00f3sfera envolvente en cada emisi\u00f3n\u00bb.<\/p>\n\n\n\n<div class=\"wp-block-buttons is-content-justification-center is-layout-flex wp-container-core-buttons-is-layout-1 wp-block-buttons-is-layout-flex\">\n<div class=\"wp-block-button\"><a class=\"wp-block-button__link has-black-color has-text-color has-background has-link-color wp-element-button\" href=\"https:\/\/comunica.edu.sv\/frecuencia-libre\/category\/%e2%81%a0enigma\/\" style=\"background-color:#1bc900\">Escucha todos Nuestros programas aqu\u00ed<\/a><\/div>\n<\/div>\n","protected":false},"excerpt":{"rendered":"<p>\u00bfQu\u00e9 es Enigma? En esta secci\u00f3n se abordan tem\u00e1ticas de terror y teor\u00edas de conspiraci\u00f3n, as\u00ed como cr\u00f3nicas de asesinos seriales, leyendas urbanas y misterios sin resolver. \u00bfQui\u00e9nes son sus<\/p>\n","protected":false},"author":2,"featured_media":0,"parent":0,"menu_order":0,"comment_status":"closed","ping_status":"closed","template":"","meta":{"footnotes":""},"_links":{"self":[{"href":"https:\/\/comunica.edu.sv\/frecuencia-libre\/wp-json\/wp\/v2\/pages\/148"}],"collection":[{"href":"https:\/\/comunica.edu.sv\/frecuencia-libre\/wp-json\/wp\/v2\/pages"}],"about":[{"href":"https:\/\/comunica.edu.sv\/frecuencia-libre\/wp-json\/wp\/v2\/types\/page"}],"author":[{"embeddable":true,"href":"https:\/\/comunica.edu.sv\/frecuencia-libre\/wp-json\/wp\/v2\/users\/2"}],"replies":[{"embeddable":true,"href":"https:\/\/comunica.edu.sv\/frecuencia-libre\/wp-json\/wp\/v2\/comments?post=148"}],"version-history":[{"count":8,"href":"https:\/\/comunica.edu.sv\/frecuencia-libre\/wp-json\/wp\/v2\/pages\/148\/revisions"}],"predecessor-version":[{"id":1464,"href":"https:\/\/comunica.edu.sv\/frecuencia-libre\/wp-json\/wp\/v2\/pages\/148\/revisions\/1464"}],"wp:attachment":[{"href":"https:\/\/comunica.edu.sv\/frecuencia-libre\/wp-json\/wp\/v2\/media?parent=148"}],"curies":[{"name":"wp","href":"https:\/\/api.w.org\/{rel}","templated":true}]}}