{"id":150,"date":"2024-09-28T09:20:27","date_gmt":"2024-09-28T07:20:27","guid":{"rendered":"https:\/\/comunica.edu.sv\/frecuencia-libre\/?page_id=150"},"modified":"2025-06-14T07:24:59","modified_gmt":"2025-06-14T05:24:59","slug":"1-minuto","status":"publish","type":"page","link":"https:\/\/comunica.edu.sv\/frecuencia-libre\/1-minuto\/","title":{"rendered":"1 Minuto"},"content":{"rendered":"\n<h2 class=\"wp-block-heading has-text-color has-link-color wp-elements-0c71950e4f35d4a422ec1d40ad9d0d29\" style=\"color:#1bc900\">\u00bfQu\u00e9 es 1 Minuto?<\/h2>\n\n\n\n<p>&nbsp;Es la c\u00e1psula informativa donde se dice una curiosidad o un dato interesante en un minuto. <\/p>\n\n\n\n<h2 class=\"wp-block-heading has-text-color has-link-color wp-elements-8cd1ab7b331da7b5b2241168bf95a565\" style=\"color:#1bc900\">\u00bfQui\u00e9nes son sus locutores?<\/h2>\n\n\n\n<figure class=\"wp-block-gallery has-nested-images columns-default is-cropped wp-block-gallery-1 is-layout-flex wp-block-gallery-is-layout-flex\">\n<figure class=\"wp-block-image size-large\"><img loading=\"lazy\" decoding=\"async\" width=\"683\" height=\"1024\" data-id=\"1277\" src=\"https:\/\/comunica.edu.sv\/frecuencia-libre\/wp-content\/uploads\/2025\/05\/Diseno-sin-titulo-19-683x1024.jpg\" alt=\"\" class=\"wp-image-1277\" srcset=\"https:\/\/comunica.edu.sv\/frecuencia-libre\/wp-content\/uploads\/2025\/05\/Diseno-sin-titulo-19-683x1024.jpg 683w, https:\/\/comunica.edu.sv\/frecuencia-libre\/wp-content\/uploads\/2025\/05\/Diseno-sin-titulo-19-200x300.jpg 200w, https:\/\/comunica.edu.sv\/frecuencia-libre\/wp-content\/uploads\/2025\/05\/Diseno-sin-titulo-19-768x1152.jpg 768w, https:\/\/comunica.edu.sv\/frecuencia-libre\/wp-content\/uploads\/2025\/05\/Diseno-sin-titulo-19-1024x1536.jpg 1024w, https:\/\/comunica.edu.sv\/frecuencia-libre\/wp-content\/uploads\/2025\/05\/Diseno-sin-titulo-19.jpg 1200w\" sizes=\"(max-width: 683px) 100vw, 683px\" \/><figcaption class=\"wp-element-caption\"><strong>Miguel Hern\u00e1ndez<\/strong><\/figcaption><\/figure>\n\n\n\n<figure class=\"wp-block-image size-large is-style-default\"><img loading=\"lazy\" decoding=\"async\" width=\"683\" height=\"1024\" data-id=\"1459\" src=\"https:\/\/comunica.edu.sv\/frecuencia-libre\/wp-content\/uploads\/2025\/06\/Diseno-sin-titulo-23-683x1024.png\" alt=\"\" class=\"wp-image-1459\" srcset=\"https:\/\/comunica.edu.sv\/frecuencia-libre\/wp-content\/uploads\/2025\/06\/Diseno-sin-titulo-23-683x1024.png 683w, https:\/\/comunica.edu.sv\/frecuencia-libre\/wp-content\/uploads\/2025\/06\/Diseno-sin-titulo-23-200x300.png 200w, https:\/\/comunica.edu.sv\/frecuencia-libre\/wp-content\/uploads\/2025\/06\/Diseno-sin-titulo-23-768x1152.png 768w, https:\/\/comunica.edu.sv\/frecuencia-libre\/wp-content\/uploads\/2025\/06\/Diseno-sin-titulo-23-1024x1536.png 1024w, https:\/\/comunica.edu.sv\/frecuencia-libre\/wp-content\/uploads\/2025\/06\/Diseno-sin-titulo-23.png 1200w\" sizes=\"(max-width: 683px) 100vw, 683px\" \/><figcaption class=\"wp-element-caption\"><strong>Leandro D\u00edaz<\/strong><\/figcaption><\/figure>\n<\/figure>\n\n\n\n<p>\u00ab<em>1 Minuto<\/em> es llevado a cabo por un equipo de locutores \u00e1giles y directos, especializados en llevarte las noticias y los datos m\u00e1s importantes en tan solo sesenta segundos. Con precisi\u00f3n y un estilo \u00fanico, cada locutor aporta su habilidad para informar de manera clara y concisa, manteni\u00e9ndote al tanto de lo que realmente importa sin perder el tiempo\u00bb.<\/p>\n\n\n\n<div class=\"wp-block-buttons is-content-justification-center is-layout-flex wp-container-core-buttons-is-layout-1 wp-block-buttons-is-layout-flex\">\n<div class=\"wp-block-button\"><a class=\"wp-block-button__link has-black-color has-text-color has-background has-link-color wp-element-button\" href=\"https:\/\/comunica.edu.sv\/frecuencia-libre\/category\/1-minuto\/\" style=\"background-color:#1bc900\">Escucha todos nuestros programas aqu\u00ed<\/a><\/div>\n<\/div>\n","protected":false},"excerpt":{"rendered":"<p>\u00bfQu\u00e9 es 1 Minuto? &nbsp;Es la c\u00e1psula informativa donde se dice una curiosidad o un dato interesante en un minuto. \u00bfQui\u00e9nes son sus locutores? \u00ab1 Minuto es llevado a cabo<\/p>\n","protected":false},"author":2,"featured_media":0,"parent":0,"menu_order":0,"comment_status":"closed","ping_status":"closed","template":"","meta":{"footnotes":""},"_links":{"self":[{"href":"https:\/\/comunica.edu.sv\/frecuencia-libre\/wp-json\/wp\/v2\/pages\/150"}],"collection":[{"href":"https:\/\/comunica.edu.sv\/frecuencia-libre\/wp-json\/wp\/v2\/pages"}],"about":[{"href":"https:\/\/comunica.edu.sv\/frecuencia-libre\/wp-json\/wp\/v2\/types\/page"}],"author":[{"embeddable":true,"href":"https:\/\/comunica.edu.sv\/frecuencia-libre\/wp-json\/wp\/v2\/users\/2"}],"replies":[{"embeddable":true,"href":"https:\/\/comunica.edu.sv\/frecuencia-libre\/wp-json\/wp\/v2\/comments?post=150"}],"version-history":[{"count":9,"href":"https:\/\/comunica.edu.sv\/frecuencia-libre\/wp-json\/wp\/v2\/pages\/150\/revisions"}],"predecessor-version":[{"id":1460,"href":"https:\/\/comunica.edu.sv\/frecuencia-libre\/wp-json\/wp\/v2\/pages\/150\/revisions\/1460"}],"wp:attachment":[{"href":"https:\/\/comunica.edu.sv\/frecuencia-libre\/wp-json\/wp\/v2\/media?parent=150"}],"curies":[{"name":"wp","href":"https:\/\/api.w.org\/{rel}","templated":true}]}}