{"id":154,"date":"2024-09-28T09:21:08","date_gmt":"2024-09-28T07:21:08","guid":{"rendered":"https:\/\/comunica.edu.sv\/frecuencia-libre\/?page_id=154"},"modified":"2025-05-18T01:36:47","modified_gmt":"2025-05-17T23:36:47","slug":"tec-news","status":"publish","type":"page","link":"https:\/\/comunica.edu.sv\/frecuencia-libre\/tec-news\/","title":{"rendered":"Tec News"},"content":{"rendered":"\n<h2 class=\"wp-block-heading has-text-color has-link-color wp-elements-89253c30197ecb065d4c4bf76c9c3d24\" style=\"color:#1bc900\">\u00bfQu\u00e9 es&nbsp;<strong>Tec News<\/strong>?<\/h2>\n\n\n\n<p>Esta secci\u00f3n aborda t\u00f3picos relacionados al mundo de la tecnolog\u00eda tales como las \u00faltimas novedades del sector tecnol\u00f3gico, propiedades de software y hardware, redes sociales y todo el aspecto digital.<\/p>\n\n\n\n<h2 class=\"wp-block-heading has-text-color has-link-color wp-elements-8cd1ab7b331da7b5b2241168bf95a565\" style=\"color:#1bc900\">\u00bfQui\u00e9nes son sus locutores?<\/h2>\n\n\n\n<figure class=\"wp-block-gallery has-nested-images columns-default is-cropped wp-block-gallery-1 is-layout-flex wp-block-gallery-is-layout-flex\">\n<figure class=\"wp-block-image size-large\"><img loading=\"lazy\" decoding=\"async\" width=\"683\" height=\"1024\" data-id=\"1287\" src=\"https:\/\/comunica.edu.sv\/frecuencia-libre\/wp-content\/uploads\/2025\/05\/Diseno-sin-titulo-23-683x1024.jpg\" alt=\"\" class=\"wp-image-1287\" srcset=\"https:\/\/comunica.edu.sv\/frecuencia-libre\/wp-content\/uploads\/2025\/05\/Diseno-sin-titulo-23-683x1024.jpg 683w, https:\/\/comunica.edu.sv\/frecuencia-libre\/wp-content\/uploads\/2025\/05\/Diseno-sin-titulo-23-200x300.jpg 200w, https:\/\/comunica.edu.sv\/frecuencia-libre\/wp-content\/uploads\/2025\/05\/Diseno-sin-titulo-23-768x1152.jpg 768w, https:\/\/comunica.edu.sv\/frecuencia-libre\/wp-content\/uploads\/2025\/05\/Diseno-sin-titulo-23-1024x1536.jpg 1024w, https:\/\/comunica.edu.sv\/frecuencia-libre\/wp-content\/uploads\/2025\/05\/Diseno-sin-titulo-23.jpg 1200w\" sizes=\"(max-width: 683px) 100vw, 683px\" \/><figcaption class=\"wp-element-caption\"><strong>Paola Michelle Mart\u00ednez<\/strong><\/figcaption><\/figure>\n\n\n\n<figure class=\"wp-block-image size-large\"><img loading=\"lazy\" decoding=\"async\" width=\"683\" height=\"1024\" data-id=\"1289\" src=\"https:\/\/comunica.edu.sv\/frecuencia-libre\/wp-content\/uploads\/2025\/05\/Diseno-sin-titulo-24-683x1024.jpg\" alt=\"\" class=\"wp-image-1289\" srcset=\"https:\/\/comunica.edu.sv\/frecuencia-libre\/wp-content\/uploads\/2025\/05\/Diseno-sin-titulo-24-683x1024.jpg 683w, https:\/\/comunica.edu.sv\/frecuencia-libre\/wp-content\/uploads\/2025\/05\/Diseno-sin-titulo-24-200x300.jpg 200w, https:\/\/comunica.edu.sv\/frecuencia-libre\/wp-content\/uploads\/2025\/05\/Diseno-sin-titulo-24-768x1152.jpg 768w, https:\/\/comunica.edu.sv\/frecuencia-libre\/wp-content\/uploads\/2025\/05\/Diseno-sin-titulo-24-1024x1536.jpg 1024w, https:\/\/comunica.edu.sv\/frecuencia-libre\/wp-content\/uploads\/2025\/05\/Diseno-sin-titulo-24.jpg 1200w\" sizes=\"(max-width: 683px) 100vw, 683px\" \/><figcaption class=\"wp-element-caption\"><strong>Ariel Rodr\u00edguez<\/strong><\/figcaption><\/figure>\n<\/figure>\n\n\n\n<p>\u00ab<em>Tec-News<\/em> est\u00e1 liderado por un grupo de locutoras apasionadas por la tecnolog\u00eda y la innovaci\u00f3n, quienes se encargan de mantenerte informado sobre las \u00faltimas tendencias y avances en el mundo digital. Cada locutor aporta su experiencia y entusiasmo, haciendo que las noticias tecnol\u00f3gicas sean accesibles y entretenidas para todos. Con an\u00e1lisis claros y un estilo fresco\u00bb.<\/p>\n\n\n\n<div class=\"wp-block-buttons is-content-justification-center is-layout-flex wp-container-core-buttons-is-layout-1 wp-block-buttons-is-layout-flex\">\n<div class=\"wp-block-button\"><a class=\"wp-block-button__link has-black-color has-text-color has-background has-link-color wp-element-button\" href=\"https:\/\/comunica.edu.sv\/frecuencia-libre\/category\/tec-news\/\" style=\"background-color:#1bc900\">Escucha todos nuestros programas aqu\u00ed<\/a><\/div>\n<\/div>\n","protected":false},"excerpt":{"rendered":"<p>\u00bfQu\u00e9 es&nbsp;Tec News? Esta secci\u00f3n aborda t\u00f3picos relacionados al mundo de la tecnolog\u00eda tales como las \u00faltimas novedades del sector tecnol\u00f3gico, propiedades de software y hardware, redes sociales y todo<\/p>\n","protected":false},"author":2,"featured_media":0,"parent":0,"menu_order":0,"comment_status":"closed","ping_status":"closed","template":"","meta":{"footnotes":""},"_links":{"self":[{"href":"https:\/\/comunica.edu.sv\/frecuencia-libre\/wp-json\/wp\/v2\/pages\/154"}],"collection":[{"href":"https:\/\/comunica.edu.sv\/frecuencia-libre\/wp-json\/wp\/v2\/pages"}],"about":[{"href":"https:\/\/comunica.edu.sv\/frecuencia-libre\/wp-json\/wp\/v2\/types\/page"}],"author":[{"embeddable":true,"href":"https:\/\/comunica.edu.sv\/frecuencia-libre\/wp-json\/wp\/v2\/users\/2"}],"replies":[{"embeddable":true,"href":"https:\/\/comunica.edu.sv\/frecuencia-libre\/wp-json\/wp\/v2\/comments?post=154"}],"version-history":[{"count":7,"href":"https:\/\/comunica.edu.sv\/frecuencia-libre\/wp-json\/wp\/v2\/pages\/154\/revisions"}],"predecessor-version":[{"id":1324,"href":"https:\/\/comunica.edu.sv\/frecuencia-libre\/wp-json\/wp\/v2\/pages\/154\/revisions\/1324"}],"wp:attachment":[{"href":"https:\/\/comunica.edu.sv\/frecuencia-libre\/wp-json\/wp\/v2\/media?parent=154"}],"curies":[{"name":"wp","href":"https:\/\/api.w.org\/{rel}","templated":true}]}}