{"id":156,"date":"2024-09-28T09:21:27","date_gmt":"2024-09-28T07:21:27","guid":{"rendered":"https:\/\/comunica.edu.sv\/frecuencia-libre\/?page_id=156"},"modified":"2024-11-14T06:00:44","modified_gmt":"2024-11-14T05:00:44","slug":"libremente","status":"publish","type":"page","link":"https:\/\/comunica.edu.sv\/frecuencia-libre\/libremente\/","title":{"rendered":"Libremente"},"content":{"rendered":"\n<h2 class=\"wp-block-heading has-text-color has-link-color wp-elements-63f98c7d428f2ec08c6337d078b81c58\" style=\"color:#1bc900\">\u00bfQu\u00e9 es<strong> Libremente<\/strong>?<\/h2>\n\n\n\n<p>Esta secci\u00f3n esta orientada al campo de la psicolog\u00eda y la salud mental. Se hablan de temas como los trastornos mentales, explicaci\u00f3n psicol\u00f3gica de actitudes, tips para una buena salud mental entre otros. Es una secci\u00f3n que ha recibido buena aceptaci\u00f3n por parte del p\u00fablico y cabe resaltar que todos sus miembros son psic\u00f3logos profesionales<\/p>\n\n\n\n<h2 class=\"wp-block-heading has-text-color has-link-color wp-elements-8cd1ab7b331da7b5b2241168bf95a565\" style=\"color:#1bc900\">\u00bfQui\u00e9nes son sus locutores?<\/h2>\n\n\n\n<figure class=\"wp-block-gallery has-nested-images columns-default is-cropped wp-block-gallery-1 is-layout-flex wp-block-gallery-is-layout-flex\">\n<figure class=\"wp-block-image size-large\"><img loading=\"lazy\" decoding=\"async\" width=\"768\" height=\"1024\" data-id=\"345\" src=\"https:\/\/comunica.edu.sv\/frecuencia-libre\/wp-content\/uploads\/2024\/10\/Imagen-de-WhatsApp-2024-09-06-a-las-12.23.43_520c3deb-768x1024.jpg\" alt=\"\" class=\"wp-image-345\" srcset=\"https:\/\/comunica.edu.sv\/frecuencia-libre\/wp-content\/uploads\/2024\/10\/Imagen-de-WhatsApp-2024-09-06-a-las-12.23.43_520c3deb-768x1024.jpg 768w, https:\/\/comunica.edu.sv\/frecuencia-libre\/wp-content\/uploads\/2024\/10\/Imagen-de-WhatsApp-2024-09-06-a-las-12.23.43_520c3deb-225x300.jpg 225w, https:\/\/comunica.edu.sv\/frecuencia-libre\/wp-content\/uploads\/2024\/10\/Imagen-de-WhatsApp-2024-09-06-a-las-12.23.43_520c3deb-1152x1536.jpg 1152w, https:\/\/comunica.edu.sv\/frecuencia-libre\/wp-content\/uploads\/2024\/10\/Imagen-de-WhatsApp-2024-09-06-a-las-12.23.43_520c3deb.jpg 1200w\" sizes=\"(max-width: 768px) 100vw, 768px\" \/><figcaption class=\"wp-element-caption\">Alejandra Mazariego<\/figcaption><\/figure>\n\n\n\n<figure class=\"wp-block-image size-large\"><img loading=\"lazy\" decoding=\"async\" width=\"768\" height=\"1024\" data-id=\"343\" src=\"https:\/\/comunica.edu.sv\/frecuencia-libre\/wp-content\/uploads\/2024\/10\/Imagen-13-1-768x1024.jpg\" alt=\"\" class=\"wp-image-343\" srcset=\"https:\/\/comunica.edu.sv\/frecuencia-libre\/wp-content\/uploads\/2024\/10\/Imagen-13-1-768x1024.jpg 768w, https:\/\/comunica.edu.sv\/frecuencia-libre\/wp-content\/uploads\/2024\/10\/Imagen-13-1-225x300.jpg 225w, https:\/\/comunica.edu.sv\/frecuencia-libre\/wp-content\/uploads\/2024\/10\/Imagen-13-1-1152x1536.jpg 1152w, https:\/\/comunica.edu.sv\/frecuencia-libre\/wp-content\/uploads\/2024\/10\/Imagen-13-1.jpg 1200w\" sizes=\"(max-width: 768px) 100vw, 768px\" \/><figcaption class=\"wp-element-caption\">Claudia Oviedo<\/figcaption><\/figure>\n<\/figure>\n\n\n\n<figure class=\"wp-block-gallery has-nested-images columns-default is-cropped wp-block-gallery-2 is-layout-flex wp-block-gallery-is-layout-flex\">\n<figure class=\"wp-block-image size-large\"><img loading=\"lazy\" decoding=\"async\" width=\"768\" height=\"1024\" data-id=\"344\" src=\"https:\/\/comunica.edu.sv\/frecuencia-libre\/wp-content\/uploads\/2024\/10\/Imagen-15-2-768x1024.jpg\" alt=\"\" class=\"wp-image-344\" srcset=\"https:\/\/comunica.edu.sv\/frecuencia-libre\/wp-content\/uploads\/2024\/10\/Imagen-15-2-768x1024.jpg 768w, https:\/\/comunica.edu.sv\/frecuencia-libre\/wp-content\/uploads\/2024\/10\/Imagen-15-2-225x300.jpg 225w, https:\/\/comunica.edu.sv\/frecuencia-libre\/wp-content\/uploads\/2024\/10\/Imagen-15-2-1152x1536.jpg 1152w, https:\/\/comunica.edu.sv\/frecuencia-libre\/wp-content\/uploads\/2024\/10\/Imagen-15-2.jpg 1200w\" sizes=\"(max-width: 768px) 100vw, 768px\" \/><figcaption class=\"wp-element-caption\">&nbsp;Ismenia Regalado<\/figcaption><\/figure>\n\n\n\n<figure class=\"wp-block-image size-large\"><img loading=\"lazy\" decoding=\"async\" width=\"768\" height=\"1024\" data-id=\"343\" src=\"https:\/\/comunica.edu.sv\/frecuencia-libre\/wp-content\/uploads\/2024\/10\/Imagen-13-1-768x1024.jpg\" alt=\"\" class=\"wp-image-343\" srcset=\"https:\/\/comunica.edu.sv\/frecuencia-libre\/wp-content\/uploads\/2024\/10\/Imagen-13-1-768x1024.jpg 768w, https:\/\/comunica.edu.sv\/frecuencia-libre\/wp-content\/uploads\/2024\/10\/Imagen-13-1-225x300.jpg 225w, https:\/\/comunica.edu.sv\/frecuencia-libre\/wp-content\/uploads\/2024\/10\/Imagen-13-1-1152x1536.jpg 1152w, https:\/\/comunica.edu.sv\/frecuencia-libre\/wp-content\/uploads\/2024\/10\/Imagen-13-1.jpg 1200w\" sizes=\"(max-width: 768px) 100vw, 768px\" \/><figcaption class=\"wp-element-caption\">Carlos Gracias<\/figcaption><\/figure>\n<\/figure>\n\n\n\n<p>\u00bb <em>Libremente<\/em> est\u00e1 a cargo de un grupo de locutores comprometidos con el bienestar emocional y la reflexi\u00f3n personal, quienes buscan abrir espacios de conversaci\u00f3n sobre temas de salud mental, desarrollo personal y crecimiento interior. Con empat\u00eda y autenticidad, nuestros locutores abordan temas complejos de una forma cercana y comprensible, invitando a la audiencia a reflexionar y descubrir herramientas para vivir de manera m\u00e1s plena\u00bb.<\/p>\n\n\n\n<div class=\"wp-block-buttons is-content-justification-center is-layout-flex wp-container-core-buttons-is-layout-1 wp-block-buttons-is-layout-flex\">\n<div class=\"wp-block-button\"><a class=\"wp-block-button__link has-black-color has-text-color has-background has-link-color wp-element-button\" href=\"https:\/\/comunica.edu.sv\/frecuencia-libre\/category\/%e2%81%a0libremente\/\" style=\"background-color:#1bc900\">Escucha todos Nuestros programas aqu\u00ed<\/a><\/div>\n<\/div>\n","protected":false},"excerpt":{"rendered":"<p>\u00bfQu\u00e9 es Libremente? Esta secci\u00f3n esta orientada al campo de la psicolog\u00eda y la salud mental. Se hablan de temas como los trastornos mentales, explicaci\u00f3n psicol\u00f3gica de actitudes, tips para<\/p>\n","protected":false},"author":2,"featured_media":0,"parent":0,"menu_order":0,"comment_status":"closed","ping_status":"closed","template":"","meta":{"footnotes":""},"_links":{"self":[{"href":"https:\/\/comunica.edu.sv\/frecuencia-libre\/wp-json\/wp\/v2\/pages\/156"}],"collection":[{"href":"https:\/\/comunica.edu.sv\/frecuencia-libre\/wp-json\/wp\/v2\/pages"}],"about":[{"href":"https:\/\/comunica.edu.sv\/frecuencia-libre\/wp-json\/wp\/v2\/types\/page"}],"author":[{"embeddable":true,"href":"https:\/\/comunica.edu.sv\/frecuencia-libre\/wp-json\/wp\/v2\/users\/2"}],"replies":[{"embeddable":true,"href":"https:\/\/comunica.edu.sv\/frecuencia-libre\/wp-json\/wp\/v2\/comments?post=156"}],"version-history":[{"count":5,"href":"https:\/\/comunica.edu.sv\/frecuencia-libre\/wp-json\/wp\/v2\/pages\/156\/revisions"}],"predecessor-version":[{"id":843,"href":"https:\/\/comunica.edu.sv\/frecuencia-libre\/wp-json\/wp\/v2\/pages\/156\/revisions\/843"}],"wp:attachment":[{"href":"https:\/\/comunica.edu.sv\/frecuencia-libre\/wp-json\/wp\/v2\/media?parent=156"}],"curies":[{"name":"wp","href":"https:\/\/api.w.org\/{rel}","templated":true}]}}