{"id":158,"date":"2024-09-28T09:21:41","date_gmt":"2024-09-28T07:21:41","guid":{"rendered":"https:\/\/comunica.edu.sv\/frecuencia-libre\/?page_id=158"},"modified":"2025-06-14T07:27:41","modified_gmt":"2025-06-14T05:27:41","slug":"buhoniando","status":"publish","type":"page","link":"https:\/\/comunica.edu.sv\/frecuencia-libre\/buhoniando\/","title":{"rendered":"Buhoniando"},"content":{"rendered":"\n<h2 class=\"wp-block-heading has-text-color has-link-color wp-elements-3cf00a9a91f329503f5f5ce3e89e4a82\" style=\"color:#1bc900\">\u00bfQu\u00e9 es Buhoniando?<\/h2>\n\n\n\n<p>En esta secci\u00f3n se habla de cultura salvadore\u00f1a y cultura en general. Se abordan festividades religiosas, folklore, tradiciones de pueblos, lugares tur\u00edsticos y se explora el arte salvadore\u00f1o.<\/p>\n\n\n\n<h2 class=\"wp-block-heading has-text-color has-link-color wp-elements-8cd1ab7b331da7b5b2241168bf95a565\" style=\"color:#1bc900\">\u00bfQui\u00e9nes son sus locutores?<\/h2>\n\n\n\n<figure class=\"wp-block-gallery has-nested-images columns-default is-cropped wp-block-gallery-1 is-layout-flex wp-block-gallery-is-layout-flex\">\n<figure class=\"wp-block-image size-large\"><img loading=\"lazy\" decoding=\"async\" width=\"683\" height=\"1024\" data-id=\"1465\" src=\"https:\/\/comunica.edu.sv\/frecuencia-libre\/wp-content\/uploads\/2025\/06\/Diseno-sin-titulo-26-683x1024.png\" alt=\"\" class=\"wp-image-1465\" srcset=\"https:\/\/comunica.edu.sv\/frecuencia-libre\/wp-content\/uploads\/2025\/06\/Diseno-sin-titulo-26-683x1024.png 683w, https:\/\/comunica.edu.sv\/frecuencia-libre\/wp-content\/uploads\/2025\/06\/Diseno-sin-titulo-26-200x300.png 200w, https:\/\/comunica.edu.sv\/frecuencia-libre\/wp-content\/uploads\/2025\/06\/Diseno-sin-titulo-26-768x1152.png 768w, https:\/\/comunica.edu.sv\/frecuencia-libre\/wp-content\/uploads\/2025\/06\/Diseno-sin-titulo-26-1024x1536.png 1024w, https:\/\/comunica.edu.sv\/frecuencia-libre\/wp-content\/uploads\/2025\/06\/Diseno-sin-titulo-26.png 1200w\" sizes=\"(max-width: 683px) 100vw, 683px\" \/><figcaption class=\"wp-element-caption\"><strong>Andrea Nicole L\u00f3pez<\/strong><\/figcaption><\/figure>\n<\/figure>\n\n\n\n<p>\u00bb <em>Buhoniando<\/em> est\u00e1 a cargo de un equipo de locutores curiosos y apasionados por las historias de la cultura popular, las tradiciones y las an\u00e9cdotas que dan color a nuestras vidas. Con un estilo cercano y ameno, nuestros locutores exploran temas fascinantes que van desde leyendas urbanas. hasta costumbres locales, creando un espacio donde la nostalgia y el aprendizaje se encuentran\u00bb.<\/p>\n\n\n\n<div class=\"wp-block-buttons is-content-justification-center is-layout-flex wp-container-core-buttons-is-layout-1 wp-block-buttons-is-layout-flex\">\n<div class=\"wp-block-button\"><a class=\"wp-block-button__link has-black-color has-text-color has-background has-link-color wp-element-button\" href=\"https:\/\/comunica.edu.sv\/frecuencia-libre\/category\/buhoniando\/\" style=\"background-color:#1bc900\">Escucha todos Nuestros programas aqu\u00ed<\/a><\/div>\n<\/div>\n","protected":false},"excerpt":{"rendered":"<p>\u00bfQu\u00e9 es Buhoniando? En esta secci\u00f3n se habla de cultura salvadore\u00f1a y cultura en general. Se abordan festividades religiosas, folklore, tradiciones de pueblos, lugares tur\u00edsticos y se explora el arte<\/p>\n","protected":false},"author":2,"featured_media":0,"parent":0,"menu_order":0,"comment_status":"closed","ping_status":"closed","template":"","meta":{"footnotes":""},"_links":{"self":[{"href":"https:\/\/comunica.edu.sv\/frecuencia-libre\/wp-json\/wp\/v2\/pages\/158"}],"collection":[{"href":"https:\/\/comunica.edu.sv\/frecuencia-libre\/wp-json\/wp\/v2\/pages"}],"about":[{"href":"https:\/\/comunica.edu.sv\/frecuencia-libre\/wp-json\/wp\/v2\/types\/page"}],"author":[{"embeddable":true,"href":"https:\/\/comunica.edu.sv\/frecuencia-libre\/wp-json\/wp\/v2\/users\/2"}],"replies":[{"embeddable":true,"href":"https:\/\/comunica.edu.sv\/frecuencia-libre\/wp-json\/wp\/v2\/comments?post=158"}],"version-history":[{"count":9,"href":"https:\/\/comunica.edu.sv\/frecuencia-libre\/wp-json\/wp\/v2\/pages\/158\/revisions"}],"predecessor-version":[{"id":1466,"href":"https:\/\/comunica.edu.sv\/frecuencia-libre\/wp-json\/wp\/v2\/pages\/158\/revisions\/1466"}],"wp:attachment":[{"href":"https:\/\/comunica.edu.sv\/frecuencia-libre\/wp-json\/wp\/v2\/media?parent=158"}],"curies":[{"name":"wp","href":"https:\/\/api.w.org\/{rel}","templated":true}]}}