{"id":160,"date":"2024-09-28T09:22:01","date_gmt":"2024-09-28T07:22:01","guid":{"rendered":"https:\/\/comunica.edu.sv\/frecuencia-libre\/?page_id=160"},"modified":"2025-05-19T22:33:16","modified_gmt":"2025-05-19T20:33:16","slug":"mujeres-al-aire","status":"publish","type":"page","link":"https:\/\/comunica.edu.sv\/frecuencia-libre\/mujeres-al-aire\/","title":{"rendered":"Mujeres al Aire"},"content":{"rendered":"\n<h2 class=\"wp-block-heading has-text-color has-link-color wp-elements-331ca2a9b3bc9f733d5ae7141c814624\" style=\"color:#1bc900\">\u00bfQu\u00e9 es Mujeres al Aire?<\/h2>\n\n\n\n<p>Una secci\u00f3n hecha por mujeres y para mujeres. Se exploran temas de inter\u00e9s para las mujeres tales como los est\u00e1ndares de belleza, salud sexual femenina, la perspectiva de las mujeres frente a temas actuales y cuenta con una subsecci\u00f3n llamada \u201cMujeres Destacadas de la Historia.\u201d<\/p>\n\n\n\n<h2 class=\"wp-block-heading has-text-color has-link-color wp-elements-8cd1ab7b331da7b5b2241168bf95a565\" style=\"color:#1bc900\">\u00bfQui\u00e9nes son sus locutores?<\/h2>\n\n\n\n<figure class=\"wp-block-gallery has-nested-images columns-default is-cropped wp-block-gallery-1 is-layout-flex wp-block-gallery-is-layout-flex\">\n<figure class=\"wp-block-image size-large\"><img loading=\"lazy\" decoding=\"async\" width=\"683\" height=\"1024\" data-id=\"1305\" src=\"https:\/\/comunica.edu.sv\/frecuencia-libre\/wp-content\/uploads\/2025\/05\/Diseno-sin-titulo-33-683x1024.jpg\" alt=\"\" class=\"wp-image-1305\" srcset=\"https:\/\/comunica.edu.sv\/frecuencia-libre\/wp-content\/uploads\/2025\/05\/Diseno-sin-titulo-33-683x1024.jpg 683w, https:\/\/comunica.edu.sv\/frecuencia-libre\/wp-content\/uploads\/2025\/05\/Diseno-sin-titulo-33-200x300.jpg 200w, https:\/\/comunica.edu.sv\/frecuencia-libre\/wp-content\/uploads\/2025\/05\/Diseno-sin-titulo-33-768x1152.jpg 768w, https:\/\/comunica.edu.sv\/frecuencia-libre\/wp-content\/uploads\/2025\/05\/Diseno-sin-titulo-33-1024x1536.jpg 1024w, https:\/\/comunica.edu.sv\/frecuencia-libre\/wp-content\/uploads\/2025\/05\/Diseno-sin-titulo-33.jpg 1200w\" sizes=\"(max-width: 683px) 100vw, 683px\" \/><figcaption class=\"wp-element-caption\"><strong>&nbsp;Diana  Franco<\/strong><\/figcaption><\/figure>\n\n\n\n<figure class=\"wp-block-image size-large\"><img loading=\"lazy\" decoding=\"async\" width=\"683\" height=\"1024\" data-id=\"1306\" src=\"https:\/\/comunica.edu.sv\/frecuencia-libre\/wp-content\/uploads\/2025\/05\/Diseno-sin-titulo-34-683x1024.jpg\" alt=\"\" class=\"wp-image-1306\" srcset=\"https:\/\/comunica.edu.sv\/frecuencia-libre\/wp-content\/uploads\/2025\/05\/Diseno-sin-titulo-34-683x1024.jpg 683w, https:\/\/comunica.edu.sv\/frecuencia-libre\/wp-content\/uploads\/2025\/05\/Diseno-sin-titulo-34-200x300.jpg 200w, https:\/\/comunica.edu.sv\/frecuencia-libre\/wp-content\/uploads\/2025\/05\/Diseno-sin-titulo-34-768x1152.jpg 768w, https:\/\/comunica.edu.sv\/frecuencia-libre\/wp-content\/uploads\/2025\/05\/Diseno-sin-titulo-34-1024x1536.jpg 1024w, https:\/\/comunica.edu.sv\/frecuencia-libre\/wp-content\/uploads\/2025\/05\/Diseno-sin-titulo-34.jpg 1200w\" sizes=\"(max-width: 683px) 100vw, 683px\" \/><figcaption class=\"wp-element-caption\"><strong>Kenia  S\u00e1nchez<\/strong><\/figcaption><\/figure>\n<\/figure>\n\n\n\n<p>\u00bb <em>Mujeres al Aire<\/em> est\u00e1 liderado por un equipo de locutoras inspiradoras y comprometidas, quienes elevan sus voces para hablar sobre temas de inter\u00e9s y relevancia para las mujeres de hoy. Desde salud y bienestar hasta empoderamiento y logros personales, nuestras locutoras exploran cada tema con sensibilidad, perspectiva y autenticidad\u00bb.<\/p>\n\n\n\n<div class=\"wp-block-buttons is-content-justification-center is-layout-flex wp-container-core-buttons-is-layout-1 wp-block-buttons-is-layout-flex\">\n<div class=\"wp-block-button\"><a class=\"wp-block-button__link has-black-color has-text-color has-background has-link-color wp-element-button\" href=\"https:\/\/comunica.edu.sv\/frecuencia-libre\/category\/%e2%81%a0mujeres-al-aire\/\" style=\"background-color:#1bc900\">Escucha todos Nuestros programas aqu\u00ed<\/a><\/div>\n<\/div>\n","protected":false},"excerpt":{"rendered":"<p>\u00bfQu\u00e9 es Mujeres al Aire? Una secci\u00f3n hecha por mujeres y para mujeres. Se exploran temas de inter\u00e9s para las mujeres tales como los est\u00e1ndares de belleza, salud sexual femenina,<\/p>\n","protected":false},"author":2,"featured_media":0,"parent":0,"menu_order":0,"comment_status":"closed","ping_status":"closed","template":"","meta":{"footnotes":""},"_links":{"self":[{"href":"https:\/\/comunica.edu.sv\/frecuencia-libre\/wp-json\/wp\/v2\/pages\/160"}],"collection":[{"href":"https:\/\/comunica.edu.sv\/frecuencia-libre\/wp-json\/wp\/v2\/pages"}],"about":[{"href":"https:\/\/comunica.edu.sv\/frecuencia-libre\/wp-json\/wp\/v2\/types\/page"}],"author":[{"embeddable":true,"href":"https:\/\/comunica.edu.sv\/frecuencia-libre\/wp-json\/wp\/v2\/users\/2"}],"replies":[{"embeddable":true,"href":"https:\/\/comunica.edu.sv\/frecuencia-libre\/wp-json\/wp\/v2\/comments?post=160"}],"version-history":[{"count":7,"href":"https:\/\/comunica.edu.sv\/frecuencia-libre\/wp-json\/wp\/v2\/pages\/160\/revisions"}],"predecessor-version":[{"id":1388,"href":"https:\/\/comunica.edu.sv\/frecuencia-libre\/wp-json\/wp\/v2\/pages\/160\/revisions\/1388"}],"wp:attachment":[{"href":"https:\/\/comunica.edu.sv\/frecuencia-libre\/wp-json\/wp\/v2\/media?parent=160"}],"curies":[{"name":"wp","href":"https:\/\/api.w.org\/{rel}","templated":true}]}}