{"id":3,"date":"2024-09-24T21:16:13","date_gmt":"2024-09-24T19:16:13","guid":{"rendered":"https:\/\/comunica.edu.sv\/frecuencia-libre\/?page_id=3"},"modified":"2025-08-18T07:03:45","modified_gmt":"2025-08-18T05:03:45","slug":"politica-privacidad","status":"publish","type":"page","link":"https:\/\/comunica.edu.sv\/frecuencia-libre\/politica-privacidad\/","title":{"rendered":"\u00bfQui\u00e9nes Somos?"},"content":{"rendered":"\n<h2 class=\"wp-block-heading has-text-color has-link-color wp-elements-0cf5fa6d358cd258405e573565e9b120\" style=\"color:#1bc900\">\u00bf<strong>Qu\u00e9 es Frecuencia Libr<\/strong>e?<\/h2>\n\n\n\n<p class=\"has-text-align-left\">Frecuencia Libre es un colectivo radiof\u00f3nico universitario producido por j\u00f3venes y para j\u00f3venes. Es un espacio donde todos los estudiantes de la carrera de comunicaciones pueden poner en pr\u00e1ctica los contenidos vistos en clases. En Frecuencia los estudiantes logran desarrollar habilidades en el campo de la locuci\u00f3n, expresi\u00f3n oral, guionismo, edici\u00f3n de audio, creaci\u00f3n de contenido y manejo de redes sociales.<\/p>\n\n\n\n<p>En los \u00faltimos a\u00f1os Frecuencia se ha posicionado como un medio de comunicaci\u00f3n alternativo y un referente para los estudiantes tanto del t\u00e9cnico como de la licenciatura. El principal prop\u00f3sito es incidir a trav\u00e9s de productos radiof\u00f3nicos alternativos en los j\u00f3venes y adultos j\u00f3venes, para hacerlos participes en la construcci\u00f3n de un nuevo modelo de sentido com\u00fan.<\/p>\n\n\n\n<p>Estos contenidos radiof\u00f3nicos poseen un an\u00e1lisis cr\u00edtico de la realidad desde la perspectiva de las juventudes, lo cual lo hace destacar de otros medios tradicionales. En este sentido, Frecuencia Libre constituye, junto a los dem\u00e1s colectivos, una piedra fundamental en el \u00e1rea de proyecci\u00f3n social del Departamento de Comunicaciones y Cultura.<\/p>\n\n\n\n<h2 class=\"wp-block-heading has-text-color has-link-color wp-elements-c219f1c8f8c608d80a39db714f6fdf80\" style=\"color:#1bc900\">\u00bfComo surge Frecuencia Libre?<\/h2>\n\n\n\n<p>La idea de crear un colectivo de radio en la UCA nace en el a\u00f1o 2005 desde la inspiraci\u00f3n de la jefatura del Departamento de aquel momento y del \u00edmpetu de un equipo de trabajo conformado por los catedr\u00e1ticos Max Orellana, Jos\u00e9 Lu\u00eds Ben\u00edtez y Manuel Velasco.<\/p>\n\n\n\n<p>Desde su concepci\u00f3n se pens\u00f3 como ese espacio donde las ideas de este departamento y de su estudiantado pudieran converger y convertirse en una sola expresi\u00f3n. Desde ese a\u00f1o 2005 hasta la fecha el colectivo radiof\u00f3nico ha experimentado una serie de reformas y transformaciones para estar a la vanguardia de las comunicaciones y mantener la conexi\u00f3n con su p\u00fablico meta: los j\u00f3venes<\/p>\n\n\n\n<p>La \u00faltima transformaci\u00f3n significativa ocurri\u00f3 en 2021, donde, a causa de la pandemia por Covid-19 el colectivo tuvo que dejar de transmitir sus programas en radio en vivo y se reinvent\u00f3 para publicar los programas por la nueva plataforma digital de Spotify. Fue en ese a\u00f1o donde el colectivo cambia su nombre de Clave Yo Soy Joven (YSJ) y pasa a llamarse Frecuencia Libre.<\/p>\n\n\n\n<p>A partir de 2021 Frecuencia comenz\u00f3 un proceso din\u00e1mico de adaptaci\u00f3n al nuevo entorno digital y a los h\u00e1bitos de consumo de las audiencias. Sin embargo, en todas sus etapas hist\u00f3ricas nunca se perdi\u00f3 el objetivo de comunicar con esp\u00edritu cr\u00edtico y desde la perspectiva de los j\u00f3venes para j\u00f3venes.<\/p>\n\n\n\n<h2 class=\"wp-block-heading has-text-align-left has-text-color has-link-color wp-elements-3afa6bc845c121f5f1eb87caa509646c\" style=\"color:#1bc900\">Misi\u00f3n<\/h2>\n\n\n\n<p>Promover la diversidad de ideas y perspectivas mediante la producci\u00f3n y difusi\u00f3n de contenidos radiof\u00f3nicos y podcasts de alta calidad, que fomenten el pensamiento cr\u00edtico, la participaci\u00f3n activa y la educaci\u00f3n en la juventud y la sociedad en general.<\/p>\n\n\n\n<h2 class=\"wp-block-heading has-text-color has-link-color wp-elements-866ee50ee20ab2f65840134580342199\" style=\"color:#1bc900\"><strong>Visi\u00f3n<\/strong><\/h2>\n\n\n\n<p>Convertirnos en el medio l\u00edder en comunicaci\u00f3n comunitaria a nivel regional, ampliando nuestro alcance y consolidando nuestra influencia como plataforma innovadora y referente en la promoci\u00f3n de una sociedad m\u00e1s equitativa e inclusiva.<\/p>\n\n\n\n<h2 class=\"wp-block-heading has-text-color has-link-color wp-elements-fb586d3010467dbc10ac93541e080020\" style=\"color:#1bc900\">\u00bfQuienes son sus Coordinadores?<\/h2>\n\n\n\n<figure class=\"wp-block-gallery has-nested-images columns-default is-cropped wp-block-gallery-1 is-layout-flex wp-block-gallery-is-layout-flex\">\n<figure class=\"wp-block-image size-large\"><img loading=\"lazy\" decoding=\"async\" width=\"1024\" height=\"1024\" data-id=\"267\" src=\"https:\/\/comunica.edu.sv\/frecuencia-libre\/wp-content\/uploads\/2024\/10\/COORDINDORES-1400-x-1400-px-3-1024x1024.png\" alt=\"\" class=\"wp-image-267\" srcset=\"https:\/\/comunica.edu.sv\/frecuencia-libre\/wp-content\/uploads\/2024\/10\/COORDINDORES-1400-x-1400-px-3-1024x1024.png 1024w, https:\/\/comunica.edu.sv\/frecuencia-libre\/wp-content\/uploads\/2024\/10\/COORDINDORES-1400-x-1400-px-3-300x300.png 300w, https:\/\/comunica.edu.sv\/frecuencia-libre\/wp-content\/uploads\/2024\/10\/COORDINDORES-1400-x-1400-px-3-150x150.png 150w, https:\/\/comunica.edu.sv\/frecuencia-libre\/wp-content\/uploads\/2024\/10\/COORDINDORES-1400-x-1400-px-3-768x768.png 768w, https:\/\/comunica.edu.sv\/frecuencia-libre\/wp-content\/uploads\/2024\/10\/COORDINDORES-1400-x-1400-px-3.png 1400w\" sizes=\"(max-width: 1024px) 100vw, 1024px\" \/><\/figure>\n\n\n\n<figure class=\"wp-block-image size-large\"><img loading=\"lazy\" decoding=\"async\" width=\"683\" height=\"1024\" data-id=\"1379\" src=\"https:\/\/comunica.edu.sv\/frecuencia-libre\/wp-content\/uploads\/2025\/05\/Disen\u0303o-sin-ti\u0301tulo-4-683x1024.jpg\" alt=\"\" class=\"wp-image-1379\" srcset=\"https:\/\/comunica.edu.sv\/frecuencia-libre\/wp-content\/uploads\/2025\/05\/Disen\u0303o-sin-ti\u0301tulo-4-683x1024.jpg 683w, https:\/\/comunica.edu.sv\/frecuencia-libre\/wp-content\/uploads\/2025\/05\/Disen\u0303o-sin-ti\u0301tulo-4-200x300.jpg 200w, https:\/\/comunica.edu.sv\/frecuencia-libre\/wp-content\/uploads\/2025\/05\/Disen\u0303o-sin-ti\u0301tulo-4-768x1152.jpg 768w, https:\/\/comunica.edu.sv\/frecuencia-libre\/wp-content\/uploads\/2025\/05\/Disen\u0303o-sin-ti\u0301tulo-4-1024x1536.jpg 1024w, https:\/\/comunica.edu.sv\/frecuencia-libre\/wp-content\/uploads\/2025\/05\/Disen\u0303o-sin-ti\u0301tulo-4.jpg 1200w\" sizes=\"(max-width: 683px) 100vw, 683px\" \/><figcaption class=\"wp-element-caption\"><strong>Direcci\u00f3n de Colectivo:<br>Javier Mart\u00ednez<\/strong><\/figcaption><\/figure>\n<\/figure>\n\n\n\n<figure class=\"wp-block-gallery has-nested-images columns-default is-cropped wp-block-gallery-2 is-layout-flex wp-block-gallery-is-layout-flex\">\n<figure class=\"wp-block-image size-large\"><img loading=\"lazy\" decoding=\"async\" width=\"1024\" height=\"1024\" data-id=\"270\" src=\"https:\/\/comunica.edu.sv\/frecuencia-libre\/wp-content\/uploads\/2024\/10\/COORDINDORES-1400-x-1400-px-5-1024x1024.png\" alt=\"\" class=\"wp-image-270\" srcset=\"https:\/\/comunica.edu.sv\/frecuencia-libre\/wp-content\/uploads\/2024\/10\/COORDINDORES-1400-x-1400-px-5-1024x1024.png 1024w, https:\/\/comunica.edu.sv\/frecuencia-libre\/wp-content\/uploads\/2024\/10\/COORDINDORES-1400-x-1400-px-5-300x300.png 300w, https:\/\/comunica.edu.sv\/frecuencia-libre\/wp-content\/uploads\/2024\/10\/COORDINDORES-1400-x-1400-px-5-150x150.png 150w, https:\/\/comunica.edu.sv\/frecuencia-libre\/wp-content\/uploads\/2024\/10\/COORDINDORES-1400-x-1400-px-5-768x768.png 768w, https:\/\/comunica.edu.sv\/frecuencia-libre\/wp-content\/uploads\/2024\/10\/COORDINDORES-1400-x-1400-px-5.png 1400w\" sizes=\"(max-width: 1024px) 100vw, 1024px\" \/><\/figure>\n\n\n\n<figure class=\"wp-block-image size-large\"><img loading=\"lazy\" decoding=\"async\" width=\"1024\" height=\"1024\" data-id=\"269\" src=\"https:\/\/comunica.edu.sv\/frecuencia-libre\/wp-content\/uploads\/2024\/10\/COORDINDORES-1400-x-1400-px-4-1024x1024.png\" alt=\"\" class=\"wp-image-269\" srcset=\"https:\/\/comunica.edu.sv\/frecuencia-libre\/wp-content\/uploads\/2024\/10\/COORDINDORES-1400-x-1400-px-4-1024x1024.png 1024w, https:\/\/comunica.edu.sv\/frecuencia-libre\/wp-content\/uploads\/2024\/10\/COORDINDORES-1400-x-1400-px-4-300x300.png 300w, https:\/\/comunica.edu.sv\/frecuencia-libre\/wp-content\/uploads\/2024\/10\/COORDINDORES-1400-x-1400-px-4-150x150.png 150w, https:\/\/comunica.edu.sv\/frecuencia-libre\/wp-content\/uploads\/2024\/10\/COORDINDORES-1400-x-1400-px-4-768x768.png 768w, https:\/\/comunica.edu.sv\/frecuencia-libre\/wp-content\/uploads\/2024\/10\/COORDINDORES-1400-x-1400-px-4.png 1400w\" sizes=\"(max-width: 1024px) 100vw, 1024px\" \/><\/figure>\n<\/figure>\n\n\n\n<p><\/p>\n\n\n\n<h2 class=\"wp-block-heading has-text-color has-link-color wp-elements-c0bb5ea24fa542e63fd287f18c3a57c4\" style=\"color:#1bc900\">Contacta con Frecuencia Libre<\/h2>\n\n\n\n<p>Para cualquier consulta, sugerencia o colaboraci\u00f3n, te invitamos a ponerte en contacto con nosotros a trav\u00e9s de nuestro correo electr\u00f3nico oficial: frecuencialibre@uca.edu.sv<\/p>\n\n\n\n<p>Estamos atentos a tus mensajes y deseosos de construir juntos una comunidad m\u00e1s libre e informada. \u00a1Escr\u00edbenos!<\/p>\n\n\n\n<h2 class=\"wp-block-heading has-text-color has-link-color wp-elements-8662db3d8c73e2fa8b35080f83ab1a90\" style=\"color:#1bc900\">Informe General del Colectivo<\/h2>\n\n\n\n<p>Este informe recolecta todo el proceso que se ha hecho desde su planificaci\u00f3n y ejecuci\u00f3n.<\/p>\n\n\n\n<div class=\"wp-block-buttons is-content-justification-center is-layout-flex wp-container-core-buttons-is-layout-1 wp-block-buttons-is-layout-flex\">\n<div class=\"wp-block-button has-custom-font-size has-medium-font-size\"><a class=\"wp-block-button__link has-background wp-element-button\" href=\"https:\/\/comunica.edu.sv\/frecuencia-libre\/wp-content\/uploads\/2024\/12\/Informe-Frecuencia-4.pdf\" style=\"background-color:#1bc900\">Descarga nuestro documento General<\/a><\/div>\n<\/div>\n","protected":false},"excerpt":{"rendered":"<p>\u00bfQu\u00e9 es Frecuencia Libre? Frecuencia Libre es un colectivo radiof\u00f3nico universitario producido por j\u00f3venes y para j\u00f3venes. Es un espacio donde todos los estudiantes de la carrera de comunicaciones pueden<\/p>\n","protected":false},"author":2,"featured_media":0,"parent":0,"menu_order":0,"comment_status":"closed","ping_status":"open","template":"","meta":{"footnotes":""},"_links":{"self":[{"href":"https:\/\/comunica.edu.sv\/frecuencia-libre\/wp-json\/wp\/v2\/pages\/3"}],"collection":[{"href":"https:\/\/comunica.edu.sv\/frecuencia-libre\/wp-json\/wp\/v2\/pages"}],"about":[{"href":"https:\/\/comunica.edu.sv\/frecuencia-libre\/wp-json\/wp\/v2\/types\/page"}],"author":[{"embeddable":true,"href":"https:\/\/comunica.edu.sv\/frecuencia-libre\/wp-json\/wp\/v2\/users\/2"}],"replies":[{"embeddable":true,"href":"https:\/\/comunica.edu.sv\/frecuencia-libre\/wp-json\/wp\/v2\/comments?post=3"}],"version-history":[{"count":30,"href":"https:\/\/comunica.edu.sv\/frecuencia-libre\/wp-json\/wp\/v2\/pages\/3\/revisions"}],"predecessor-version":[{"id":1579,"href":"https:\/\/comunica.edu.sv\/frecuencia-libre\/wp-json\/wp\/v2\/pages\/3\/revisions\/1579"}],"wp:attachment":[{"href":"https:\/\/comunica.edu.sv\/frecuencia-libre\/wp-json\/wp\/v2\/media?parent=3"}],"curies":[{"name":"wp","href":"https:\/\/api.w.org\/{rel}","templated":true}]}}