{"id":72,"date":"2024-09-26T07:32:57","date_gmt":"2024-09-26T05:32:57","guid":{"rendered":"https:\/\/comunica.edu.sv\/frecuencia-libre\/?page_id=72"},"modified":"2025-01-30T01:53:14","modified_gmt":"2025-01-30T00:53:14","slug":"nuestros-invitados","status":"publish","type":"page","link":"https:\/\/comunica.edu.sv\/frecuencia-libre\/nuestros-invitados\/","title":{"rendered":"Entrevistas"},"content":{"rendered":"\n<div class=\"wp-block-media-text has-media-on-the-right is-stacked-on-mobile\"><div class=\"wp-block-media-text__content\">\n<h2 class=\"wp-block-heading has-text-color has-link-color wp-elements-265067003cd596ac466e516e2c2bfde2\" style=\"color:#1bc900\"><a href=\"https:\/\/comunica.edu.sv\/frecuencia-libre\/entrevista-con-el-dr-mauricio-valdez-morazan-el-imperio-britanico-y-la-historia-oculta-de-centroamerica\/\">Entrevista con el Dr. Mauricio Valdez: \u201cMoraz\u00e1n, el Imperio Brit\u00e1nico y la Historia Oculta de Centroam\u00e9rica<\/a>\u00ab<\/h2>\n\n\n\n<p>La secci\u00f3n Pan y Circo entrevistaron al \u00a0Dr. Mauricio Valdez, donde hablan del quien nos revela las complejas influencias extranjeras, especialmente del imperio brit\u00e1nico y la iglesia cat\u00f3lica<\/p>\n<\/div><figure class=\"wp-block-media-text__media\"><a href=\"https:\/\/comunica.edu.sv\/frecuencia-libre\/12-de-octubre-entre-la-celebracion-y-la-controversia\/\"><img loading=\"lazy\" decoding=\"async\" width=\"440\" height=\"440\" src=\"https:\/\/comunica.edu.sv\/frecuencia-libre\/wp-content\/uploads\/2025\/01\/92acf820-1703-4712-914d-8820e2bd085c_3d_copia_de_post_de_terror_fl__1400_x_1400_px_.jpg\" alt=\"\" class=\"wp-image-980 size-full\" srcset=\"https:\/\/comunica.edu.sv\/frecuencia-libre\/wp-content\/uploads\/2025\/01\/92acf820-1703-4712-914d-8820e2bd085c_3d_copia_de_post_de_terror_fl__1400_x_1400_px_.jpg 440w, https:\/\/comunica.edu.sv\/frecuencia-libre\/wp-content\/uploads\/2025\/01\/92acf820-1703-4712-914d-8820e2bd085c_3d_copia_de_post_de_terror_fl__1400_x_1400_px_-300x300.jpg 300w, https:\/\/comunica.edu.sv\/frecuencia-libre\/wp-content\/uploads\/2025\/01\/92acf820-1703-4712-914d-8820e2bd085c_3d_copia_de_post_de_terror_fl__1400_x_1400_px_-150x150.jpg 150w\" sizes=\"(max-width: 440px) 100vw, 440px\" \/><\/a><\/figure><\/div>\n\n\n\n<div class=\"wp-block-media-text is-stacked-on-mobile\"><figure class=\"wp-block-media-text__media\"><a href=\"https:\/\/comunica.edu.sv\/frecuencia-libre\/12-de-octubre-entre-la-celebracion-y-la-controversia\/\"><img loading=\"lazy\" decoding=\"async\" width=\"440\" height=\"440\" src=\"https:\/\/comunica.edu.sv\/frecuencia-libre\/wp-content\/uploads\/2024\/10\/35edde04-5e9f-4ca6-9f5e-d4627ec040c6__evento_de_buenos_y_malos_20241009_101428_0000.jpg\" alt=\"\" class=\"wp-image-675 size-full\" srcset=\"https:\/\/comunica.edu.sv\/frecuencia-libre\/wp-content\/uploads\/2024\/10\/35edde04-5e9f-4ca6-9f5e-d4627ec040c6__evento_de_buenos_y_malos_20241009_101428_0000.jpg 440w, https:\/\/comunica.edu.sv\/frecuencia-libre\/wp-content\/uploads\/2024\/10\/35edde04-5e9f-4ca6-9f5e-d4627ec040c6__evento_de_buenos_y_malos_20241009_101428_0000-300x300.jpg 300w, https:\/\/comunica.edu.sv\/frecuencia-libre\/wp-content\/uploads\/2024\/10\/35edde04-5e9f-4ca6-9f5e-d4627ec040c6__evento_de_buenos_y_malos_20241009_101428_0000-150x150.jpg 150w\" sizes=\"(max-width: 440px) 100vw, 440px\" \/><\/a><\/figure><div class=\"wp-block-media-text__content\">\n<h2 class=\"wp-block-heading has-text-color has-link-color wp-elements-502d9cb607e743919db3ce0ec568e4e5\" style=\"color:#1bc900\"><a href=\"https:\/\/comunica.edu.sv\/frecuencia-libre\/12-de-octubre-entre-la-celebracion-y-la-controversia\/\">12 de Octubre: Entre la Celebraci\u00f3n y la Controversia.<\/a><\/h2>\n\n\n\n<p>La secci\u00f3n Pan y Circo entrevistaron al Dr. Sajid Herrera, donde hablan  del impacto de la conquista en Am\u00e9rica y en El Salvador. <\/p>\n<\/div><\/div>\n\n\n\n<div class=\"wp-block-media-text has-media-on-the-right is-stacked-on-mobile\"><div class=\"wp-block-media-text__content\">\n<h2 class=\"wp-block-heading\"><a href=\"https:\/\/comunica.edu.sv\/frecuencia-libre\/el-poder-de-la-poesia-en-el-salvador-con-vladimir-amaya\/\">\u201cEl Poder de la Poes\u00eda en El Salvador\u00bb con Vladimir Amaya.<\/a><\/h2>\n\n\n\n<p>En la secci\u00f3n Ladrona de Libros, hablamos de la poes\u00eda salvadore\u00f1a junto al reconocido poeta y ant\u00f3logo Vlad\u00edmir Amaya.<\/p>\n<\/div><figure class=\"wp-block-media-text__media\"><a href=\"https:\/\/comunica.edu.sv\/frecuencia-libre\/el-poder-de-la-poesia-en-el-salvador-con-vladimir-amaya\/\"><img loading=\"lazy\" decoding=\"async\" width=\"440\" height=\"440\" src=\"https:\/\/comunica.edu.sv\/frecuencia-libre\/wp-content\/uploads\/2024\/10\/4b5a83b3-d2d6-44dd-809e-99938657aa77_64b4e0_tertulia_literatura_salvadore_a_spotify.jpg\" alt=\"\" class=\"wp-image-569 size-full\" srcset=\"https:\/\/comunica.edu.sv\/frecuencia-libre\/wp-content\/uploads\/2024\/10\/4b5a83b3-d2d6-44dd-809e-99938657aa77_64b4e0_tertulia_literatura_salvadore_a_spotify.jpg 440w, https:\/\/comunica.edu.sv\/frecuencia-libre\/wp-content\/uploads\/2024\/10\/4b5a83b3-d2d6-44dd-809e-99938657aa77_64b4e0_tertulia_literatura_salvadore_a_spotify-300x300.jpg 300w, https:\/\/comunica.edu.sv\/frecuencia-libre\/wp-content\/uploads\/2024\/10\/4b5a83b3-d2d6-44dd-809e-99938657aa77_64b4e0_tertulia_literatura_salvadore_a_spotify-150x150.jpg 150w\" sizes=\"(max-width: 440px) 100vw, 440px\" \/><\/a><\/figure><\/div>\n\n\n\n<div class=\"wp-block-media-text is-stacked-on-mobile\"><figure class=\"wp-block-media-text__media\"><a href=\"https:\/\/comunica.edu.sv\/frecuencia-libre\/entrevista-especial-con-dr-maria-isabel-rodriguez\/\"><img loading=\"lazy\" decoding=\"async\" width=\"440\" height=\"440\" src=\"https:\/\/comunica.edu.sv\/frecuencia-libre\/wp-content\/uploads\/2024\/10\/4814722e-242d-483c-92f2-eb51f58c247f_hatsapp_image_2024-08-03_at_5.00.11_pm__1___1_.jpg\" alt=\"\" class=\"wp-image-543 size-full\" srcset=\"https:\/\/comunica.edu.sv\/frecuencia-libre\/wp-content\/uploads\/2024\/10\/4814722e-242d-483c-92f2-eb51f58c247f_hatsapp_image_2024-08-03_at_5.00.11_pm__1___1_.jpg 440w, https:\/\/comunica.edu.sv\/frecuencia-libre\/wp-content\/uploads\/2024\/10\/4814722e-242d-483c-92f2-eb51f58c247f_hatsapp_image_2024-08-03_at_5.00.11_pm__1___1_-300x300.jpg 300w, https:\/\/comunica.edu.sv\/frecuencia-libre\/wp-content\/uploads\/2024\/10\/4814722e-242d-483c-92f2-eb51f58c247f_hatsapp_image_2024-08-03_at_5.00.11_pm__1___1_-150x150.jpg 150w\" sizes=\"(max-width: 440px) 100vw, 440px\" \/><\/a><\/figure><div class=\"wp-block-media-text__content\">\n<h2 class=\"wp-block-heading has-text-color has-link-color wp-elements-ae5dd966b9ff463140bbc1da2c37f85c\" style=\"color:#1bc900\"><a href=\"https:\/\/comunica.edu.sv\/frecuencia-libre\/entrevista-especial-con-dr-maria-isabel-rodriguez\/\">Entrevista especial con la Dr. Mar\u00eda Isabel Rodr\u00edguez <\/a><\/h2>\n\n\n\n<p>En la secci\u00f3n de Mujeres al Aire nuestra locutora Diana Franco entrevist\u00f3 a la Dra. Maria Isabel Rodr\u00edguez, la primera rectora de la Universidad Nacional de El Salvador (UES), de las primeras m\u00e9dicas graduadas, de las primeras diputadas y quien ostent\u00f3 el cargo de Ministra de Salud entre el 2009 al 2014.<\/p>\n<\/div><\/div>\n\n\n\n<div class=\"wp-block-media-text has-media-on-the-right is-stacked-on-mobile\"><div class=\"wp-block-media-text__content\">\n<h2 class=\"wp-block-heading\"><a href=\"https:\/\/comunica.edu.sv\/frecuencia-libre\/entrevista-especial-dia-del-orgullo-geek\/\">Entrevista especial: \u00abD\u00eda del orgullo Geek\u00bb<\/a><\/h2>\n\n\n\n<p>En la secci\u00f3n de Zona Week nuestro locutores entrevistaron a  Irving, un streamer quien nos conto sus vivencia sobre el orgullo Week <\/p>\n<\/div><figure class=\"wp-block-media-text__media\"><a href=\"https:\/\/comunica.edu.sv\/frecuencia-libre\/entrevista-especial-dia-del-orgullo-geek\/\"><img loading=\"lazy\" decoding=\"async\" width=\"440\" height=\"440\" src=\"https:\/\/comunica.edu.sv\/frecuencia-libre\/wp-content\/uploads\/2024\/10\/7e3c6a1d-9b65-4658-804f-8ec78fb338d9_spotify_d_a_del_orgullo_geek.jpg\" alt=\"\" class=\"wp-image-485 size-full\" srcset=\"https:\/\/comunica.edu.sv\/frecuencia-libre\/wp-content\/uploads\/2024\/10\/7e3c6a1d-9b65-4658-804f-8ec78fb338d9_spotify_d_a_del_orgullo_geek.jpg 440w, https:\/\/comunica.edu.sv\/frecuencia-libre\/wp-content\/uploads\/2024\/10\/7e3c6a1d-9b65-4658-804f-8ec78fb338d9_spotify_d_a_del_orgullo_geek-300x300.jpg 300w, https:\/\/comunica.edu.sv\/frecuencia-libre\/wp-content\/uploads\/2024\/10\/7e3c6a1d-9b65-4658-804f-8ec78fb338d9_spotify_d_a_del_orgullo_geek-150x150.jpg 150w\" sizes=\"(max-width: 440px) 100vw, 440px\" \/><\/a><\/figure><\/div>\n\n\n\n<div class=\"wp-block-media-text is-stacked-on-mobile\"><figure class=\"wp-block-media-text__media\"><a href=\"https:\/\/comunica.edu.sv\/frecuencia-libre\/entrevista-con-eugenia-lindo-directora-ejecutiva-del-museo-marte\/\"><img loading=\"lazy\" decoding=\"async\" width=\"440\" height=\"440\" src=\"https:\/\/comunica.edu.sv\/frecuencia-libre\/wp-content\/uploads\/2024\/10\/a67c3fd7-73cf-4b4b-b671-7c6eb0fc9d03_agregar_un_t_tulo__1400_x_1400_px_.jpg\" alt=\"\" class=\"wp-image-481 size-full\" srcset=\"https:\/\/comunica.edu.sv\/frecuencia-libre\/wp-content\/uploads\/2024\/10\/a67c3fd7-73cf-4b4b-b671-7c6eb0fc9d03_agregar_un_t_tulo__1400_x_1400_px_.jpg 440w, https:\/\/comunica.edu.sv\/frecuencia-libre\/wp-content\/uploads\/2024\/10\/a67c3fd7-73cf-4b4b-b671-7c6eb0fc9d03_agregar_un_t_tulo__1400_x_1400_px_-300x300.jpg 300w, https:\/\/comunica.edu.sv\/frecuencia-libre\/wp-content\/uploads\/2024\/10\/a67c3fd7-73cf-4b4b-b671-7c6eb0fc9d03_agregar_un_t_tulo__1400_x_1400_px_-150x150.jpg 150w\" sizes=\"(max-width: 440px) 100vw, 440px\" \/><\/a><\/figure><div class=\"wp-block-media-text__content\">\n<h2 class=\"wp-block-heading has-text-color has-link-color wp-elements-a958cb7cb8be654a17c0e8121ff6aa88\" style=\"color:#1bc900\"><a href=\"https:\/\/comunica.edu.sv\/frecuencia-libre\/entrevista-con-eugenia-lindo-directora-ejecutiva-del-museo-marte\/\">Entrevista con Eugenia Lindo Directora Ejecutiva del Museo Marte<\/a><\/h2>\n\n\n\n<p>Conversamos con Eugenia Lindo, directora ejecutiva del Museo Marte. En esta charla exclusiva, Eugenia nos comparte la filosof\u00eda de trabajo del museo, su funcionamiento interno, la colaboraci\u00f3n con artistas y el compromiso social del museo como un espacio de convivencia.<\/p>\n<\/div><\/div>\n\n\n\n<div class=\"wp-block-media-text has-media-on-the-right is-stacked-on-mobile\"><div class=\"wp-block-media-text__content\">\n<h2 class=\"wp-block-heading\"><a href=\"https:\/\/comunica.edu.sv\/frecuencia-libre\/entrevista-especial-memoria-historica-de-los-martires-de-la-uca\/\">Entrevista especial: \u00abMemoria hist\u00f3rica de los m\u00e1rtires de la UCA\u00bb<\/a><\/h2>\n\n\n\n<p>En  la secci\u00f3n Pan y Circo, entrevistamos a  Cristian Fabi\u00e1n, asistente de crecimiento humano y espiritual de la pastoral universitaria UCA, quien nos hablar\u00e1 sobre la memoria hist\u00f3rica de los m\u00e1rtires de la UCA.<\/p>\n<\/div><figure class=\"wp-block-media-text__media\"><a href=\"https:\/\/comunica.edu.sv\/frecuencia-libre\/entrevista-especial-memoria-historica-de-los-martires-de-la-uca\/\"><img loading=\"lazy\" decoding=\"async\" width=\"440\" height=\"440\" src=\"https:\/\/comunica.edu.sv\/frecuencia-libre\/wp-content\/uploads\/2024\/10\/205883d0-877b-483f-bd03-e59df4c757aa_pan_y_circo_spotify_-_19_de_noviembe.jpg\" alt=\"\" class=\"wp-image-719 size-full\" srcset=\"https:\/\/comunica.edu.sv\/frecuencia-libre\/wp-content\/uploads\/2024\/10\/205883d0-877b-483f-bd03-e59df4c757aa_pan_y_circo_spotify_-_19_de_noviembe.jpg 440w, https:\/\/comunica.edu.sv\/frecuencia-libre\/wp-content\/uploads\/2024\/10\/205883d0-877b-483f-bd03-e59df4c757aa_pan_y_circo_spotify_-_19_de_noviembe-300x300.jpg 300w, https:\/\/comunica.edu.sv\/frecuencia-libre\/wp-content\/uploads\/2024\/10\/205883d0-877b-483f-bd03-e59df4c757aa_pan_y_circo_spotify_-_19_de_noviembe-150x150.jpg 150w\" sizes=\"(max-width: 440px) 100vw, 440px\" \/><\/a><\/figure><\/div>\n\n\n\n<div class=\"wp-block-media-text is-stacked-on-mobile\"><figure class=\"wp-block-media-text__media\"><a href=\"https:\/\/comunica.edu.sv\/frecuencia-libre\/especial-pan-y-circo-entrevista-a-diplomatica-palestina\/\"><img loading=\"lazy\" decoding=\"async\" width=\"440\" height=\"440\" src=\"https:\/\/comunica.edu.sv\/frecuencia-libre\/wp-content\/uploads\/2024\/10\/2ce36732-f91d-4ae9-8cd2-4788876542e1_41ac22-d3a8-4556-8b5d-92e9a6c0fb78_spotify__1_.jpg\" alt=\"\" class=\"wp-image-715 size-full\" srcset=\"https:\/\/comunica.edu.sv\/frecuencia-libre\/wp-content\/uploads\/2024\/10\/2ce36732-f91d-4ae9-8cd2-4788876542e1_41ac22-d3a8-4556-8b5d-92e9a6c0fb78_spotify__1_.jpg 440w, https:\/\/comunica.edu.sv\/frecuencia-libre\/wp-content\/uploads\/2024\/10\/2ce36732-f91d-4ae9-8cd2-4788876542e1_41ac22-d3a8-4556-8b5d-92e9a6c0fb78_spotify__1_-300x300.jpg 300w, https:\/\/comunica.edu.sv\/frecuencia-libre\/wp-content\/uploads\/2024\/10\/2ce36732-f91d-4ae9-8cd2-4788876542e1_41ac22-d3a8-4556-8b5d-92e9a6c0fb78_spotify__1_-150x150.jpg 150w\" sizes=\"(max-width: 440px) 100vw, 440px\" \/><\/a><\/figure><div class=\"wp-block-media-text__content\">\n<h2 class=\"wp-block-heading has-text-color has-link-color wp-elements-5cdf25b34661d549cf198b357974c1a8\" style=\"color:#1bc900\"><a href=\"https:\/\/comunica.edu.sv\/frecuencia-libre\/especial-pan-y-circo-entrevista-a-diplomatica-palestina\/\">Especial Pan y Circo: Entrevista a Diplom\u00e1tica Palestina<\/a><\/h2>\n\n\n\n<p>En la secci\u00f3n Pan y Circo, presentamos una entrevista especial con la diplom\u00e1tica palestina Randa Hasfura. Donde nos comenta de primera mano la situaci\u00f3n actual de Palestina en una conversaci\u00f3n que invita a la reflexi\u00f3n. <\/p>\n<\/div><\/div>\n","protected":false},"excerpt":{"rendered":"<p>Entrevista con el Dr. Mauricio Valdez: \u201cMoraz\u00e1n, el Imperio Brit\u00e1nico y la Historia Oculta de Centroam\u00e9rica\u00ab La secci\u00f3n Pan y Circo entrevistaron al \u00a0Dr. Mauricio Valdez, donde hablan del quien<\/p>\n","protected":false},"author":2,"featured_media":0,"parent":0,"menu_order":0,"comment_status":"closed","ping_status":"closed","template":"","meta":{"footnotes":""},"_links":{"self":[{"href":"https:\/\/comunica.edu.sv\/frecuencia-libre\/wp-json\/wp\/v2\/pages\/72"}],"collection":[{"href":"https:\/\/comunica.edu.sv\/frecuencia-libre\/wp-json\/wp\/v2\/pages"}],"about":[{"href":"https:\/\/comunica.edu.sv\/frecuencia-libre\/wp-json\/wp\/v2\/types\/page"}],"author":[{"embeddable":true,"href":"https:\/\/comunica.edu.sv\/frecuencia-libre\/wp-json\/wp\/v2\/users\/2"}],"replies":[{"embeddable":true,"href":"https:\/\/comunica.edu.sv\/frecuencia-libre\/wp-json\/wp\/v2\/comments?post=72"}],"version-history":[{"count":15,"href":"https:\/\/comunica.edu.sv\/frecuencia-libre\/wp-json\/wp\/v2\/pages\/72\/revisions"}],"predecessor-version":[{"id":986,"href":"https:\/\/comunica.edu.sv\/frecuencia-libre\/wp-json\/wp\/v2\/pages\/72\/revisions\/986"}],"wp:attachment":[{"href":"https:\/\/comunica.edu.sv\/frecuencia-libre\/wp-json\/wp\/v2\/media?parent=72"}],"curies":[{"name":"wp","href":"https:\/\/api.w.org\/{rel}","templated":true}]}}