{"id":74,"date":"2024-09-26T07:34:04","date_gmt":"2024-09-26T05:34:04","guid":{"rendered":"https:\/\/comunica.edu.sv\/frecuencia-libre\/?page_id=74"},"modified":"2025-03-23T05:31:22","modified_gmt":"2025-03-23T04:31:22","slug":"programas-especiales","status":"publish","type":"page","link":"https:\/\/comunica.edu.sv\/frecuencia-libre\/programas-especiales\/","title":{"rendered":"Especiales"},"content":{"rendered":"\n<div class=\"wp-block-media-text is-stacked-on-mobile\" style=\"padding-top:0;padding-right:0;padding-bottom:0;padding-left:0\"><figure class=\"wp-block-media-text__media\"><a href=\"https:\/\/comunica.edu.sv\/frecuencia-libre\/category\/conversatorios\/\"><img loading=\"lazy\" decoding=\"async\" width=\"1024\" height=\"1024\" src=\"https:\/\/comunica.edu.sv\/frecuencia-libre\/wp-content\/uploads\/2025\/02\/a-pie-2-1024x1024.png\" alt=\"\" class=\"wp-image-1029 size-full\" srcset=\"https:\/\/comunica.edu.sv\/frecuencia-libre\/wp-content\/uploads\/2025\/02\/a-pie-2-1024x1024.png 1024w, https:\/\/comunica.edu.sv\/frecuencia-libre\/wp-content\/uploads\/2025\/02\/a-pie-2-300x300.png 300w, https:\/\/comunica.edu.sv\/frecuencia-libre\/wp-content\/uploads\/2025\/02\/a-pie-2-150x150.png 150w, https:\/\/comunica.edu.sv\/frecuencia-libre\/wp-content\/uploads\/2025\/02\/a-pie-2-768x768.png 768w, https:\/\/comunica.edu.sv\/frecuencia-libre\/wp-content\/uploads\/2025\/02\/a-pie-2.png 1400w\" sizes=\"(max-width: 1024px) 100vw, 1024px\" \/><\/a><\/figure><div class=\"wp-block-media-text__content\">\n<h2 class=\"wp-block-heading has-text-color has-link-color wp-elements-d5504d12ef98ab79c4d51cae4159e893\" style=\"color:#1bc900\"><a href=\"https:\/\/comunica.edu.sv\/frecuencia-libre\/category\/conversatorios\/\">Conversatorios<\/a><\/h2>\n\n\n\n<p>Un formato que ha cobrado mucha relevancia estos \u00faltimos a\u00f1os son los podcast o conversatorios de mesa redonda. Estos duran una media de treinta minutos y suele participar una \u00fanica secci\u00f3n o acompa\u00f1ada de otras secciones (un crossover).<\/p>\n\n\n\n<p>Este formato se destaca por lo ameno que es, pues a diferencia de los programas normales no se sigue un gui\u00f3n estrictamente. <\/p>\n<\/div><\/div>\n\n\n\n<div class=\"wp-block-media-text has-media-on-the-right is-stacked-on-mobile\"><div class=\"wp-block-media-text__content\">\n<h2 class=\"wp-block-heading has-text-color has-link-color wp-elements-98595917359ec29d10e2e3d7dd71674b\" style=\"color:#1bc900\"><a href=\"https:\/\/comunica.edu.sv\/frecuencia-libre\/category\/coberturas\/\">Coberturas <strong>&nbsp;Radiof\u00f3nicas Callejeras<\/strong><\/a><\/h2>\n\n\n\n<p>Frecuencia Libre no solo se ha limitado a estar en las cabinas de radio, sino que tambi\u00e9n ha sabido salir de su zona de confort y se ha aventurado a conocer sitios de inter\u00e9s nacional en El Salvador.<\/p>\n<\/div><figure class=\"wp-block-media-text__media\"><a href=\"https:\/\/comunica.edu.sv\/frecuencia-libre\/category\/coberturas\/\"><img loading=\"lazy\" decoding=\"async\" width=\"1024\" height=\"1024\" src=\"https:\/\/comunica.edu.sv\/frecuencia-libre\/wp-content\/uploads\/2025\/02\/a-pie-1-1024x1024.png\" alt=\"\" class=\"wp-image-1028 size-full\" srcset=\"https:\/\/comunica.edu.sv\/frecuencia-libre\/wp-content\/uploads\/2025\/02\/a-pie-1-1024x1024.png 1024w, https:\/\/comunica.edu.sv\/frecuencia-libre\/wp-content\/uploads\/2025\/02\/a-pie-1-300x300.png 300w, https:\/\/comunica.edu.sv\/frecuencia-libre\/wp-content\/uploads\/2025\/02\/a-pie-1-150x150.png 150w, https:\/\/comunica.edu.sv\/frecuencia-libre\/wp-content\/uploads\/2025\/02\/a-pie-1-768x768.png 768w, https:\/\/comunica.edu.sv\/frecuencia-libre\/wp-content\/uploads\/2025\/02\/a-pie-1.png 1400w\" sizes=\"(max-width: 1024px) 100vw, 1024px\" \/><\/a><\/figure><\/div>\n\n\n\n<div class=\"wp-block-media-text is-stacked-on-mobile\"><figure class=\"wp-block-media-text__media\"><a href=\"https:\/\/comunica.edu.sv\/frecuencia-libre\/category\/especiales\/\"><img loading=\"lazy\" decoding=\"async\" width=\"1024\" height=\"1024\" src=\"https:\/\/comunica.edu.sv\/frecuencia-libre\/wp-content\/uploads\/2025\/02\/a-pie-1024x1024.png\" alt=\"\" class=\"wp-image-1026 size-full\" srcset=\"https:\/\/comunica.edu.sv\/frecuencia-libre\/wp-content\/uploads\/2025\/02\/a-pie-1024x1024.png 1024w, https:\/\/comunica.edu.sv\/frecuencia-libre\/wp-content\/uploads\/2025\/02\/a-pie-300x300.png 300w, https:\/\/comunica.edu.sv\/frecuencia-libre\/wp-content\/uploads\/2025\/02\/a-pie-150x150.png 150w, https:\/\/comunica.edu.sv\/frecuencia-libre\/wp-content\/uploads\/2025\/02\/a-pie-768x768.png 768w, https:\/\/comunica.edu.sv\/frecuencia-libre\/wp-content\/uploads\/2025\/02\/a-pie.png 1400w\" sizes=\"(max-width: 1024px) 100vw, 1024px\" \/><\/a><\/figure><div class=\"wp-block-media-text__content\">\n<h2 class=\"wp-block-heading has-text-color has-link-color wp-elements-1ae77bd34826e7d5579af31565d357ba\" style=\"color:#1bc900\"><a href=\"https:\/\/comunica.edu.sv\/frecuencia-libre\/category\/especiales\/\">Programas Especiales<\/a><\/h2>\n\n\n\n<p>Nuestros programas especiales destacan por abordar temas relevantes y actuales con una mirada \u00fanica. Desde  eventos hist\u00f3ricos hasta sesiones tem\u00e1ticas sobre cultura, arte, y sociedad, estos programas est\u00e1n dise\u00f1ados para ofrecer una experiencia enriquecedora y diferente.<\/p>\n<\/div><\/div>\n","protected":false},"excerpt":{"rendered":"<p>Conversatorios Un formato que ha cobrado mucha relevancia estos \u00faltimos a\u00f1os son los podcast o conversatorios de mesa redonda. Estos duran una media de treinta minutos y suele participar una<\/p>\n","protected":false},"author":2,"featured_media":0,"parent":0,"menu_order":0,"comment_status":"closed","ping_status":"closed","template":"","meta":{"footnotes":""},"_links":{"self":[{"href":"https:\/\/comunica.edu.sv\/frecuencia-libre\/wp-json\/wp\/v2\/pages\/74"}],"collection":[{"href":"https:\/\/comunica.edu.sv\/frecuencia-libre\/wp-json\/wp\/v2\/pages"}],"about":[{"href":"https:\/\/comunica.edu.sv\/frecuencia-libre\/wp-json\/wp\/v2\/types\/page"}],"author":[{"embeddable":true,"href":"https:\/\/comunica.edu.sv\/frecuencia-libre\/wp-json\/wp\/v2\/users\/2"}],"replies":[{"embeddable":true,"href":"https:\/\/comunica.edu.sv\/frecuencia-libre\/wp-json\/wp\/v2\/comments?post=74"}],"version-history":[{"count":10,"href":"https:\/\/comunica.edu.sv\/frecuencia-libre\/wp-json\/wp\/v2\/pages\/74\/revisions"}],"predecessor-version":[{"id":1161,"href":"https:\/\/comunica.edu.sv\/frecuencia-libre\/wp-json\/wp\/v2\/pages\/74\/revisions\/1161"}],"wp:attachment":[{"href":"https:\/\/comunica.edu.sv\/frecuencia-libre\/wp-json\/wp\/v2\/media?parent=74"}],"curies":[{"name":"wp","href":"https:\/\/api.w.org\/{rel}","templated":true}]}}